{"id":8784,"date":"2023-10-26T13:36:07","date_gmt":"2023-10-26T13:36:07","guid":{"rendered":"https:\/\/aureliuscareer.wpenginepowered.com\/investment-advisory\/people-stories\/"},"modified":"2025-06-17T07:40:44","modified_gmt":"2025-06-17T07:40:44","slug":"people-stories","status":"publish","type":"page","link":"https:\/\/career.aurelius-group.com\/de\/investment-advisory\/people-stories\/","title":{"rendered":"People Stories"},"content":{"rendered":"\n<section class=\"page--heading\" data-scroll=\"\">\n    <div class=\"holder\">\n            <\/div>\n<\/section>\n\n<section class=\"content-block caseStudy--col\">\n    <div class=\"holder\">\n        <div class=\"news--wrapper ctal-item--container\">\n                                                                    <div class=\"news grid__items slide-up\" data-scroll=\"\">\n                        <a href=\"https:\/\/career.aurelius-group.com\/de\/people-story\/jonas-anochin\/\">\n                            <div class=\"news__img\">\n                                                                    <div class=\"news__img_bg\" style=\"background-image: url(https:\/\/career.aurelius-group.com\/wp-content\/uploads\/2024\/01\/shutterstock_1834093705-scaled-2.2-Large.jpeg);\">\n                                    <\/div>\n\n                                \n                                <div class=\"news__img_bg-logo\">\n                                    <img decoding=\"async\" src=\"https:\/\/career.aurelius-group.com\/wp-content\/uploads\/2024\/01\/jonas_anochin.png\" alt=\"\">\n                                <\/div>\n                            <\/div><!-- \/.news__img -->\n\n\n                            <div class=\"news__desc\">\n\n                                <h3 class=\"section--title\">Jonas Anochin<\/h3>\n                                <p>Ich freue mich auf jede neue Woche \u2013 in dem Wissen, dass ich daran arbeiten werde, Unternehmen auf ihrem Wachstumskurs zu unterst\u00fctzen.<\/p>\n\n                                <span class=\"btn\" href=\"https:\/\/career.aurelius-group.com\/de\/people-story\/jonas-anochin\/\">\n                                    Mehr erfahren                                    <svg xmlns=\"http:\/\/www.w3.org\/2000\/svg\" width=\"9\" height=\"15\" viewBox=\"0 0 9 15\" fill=\"none\">\n                                        <path fill-rule=\"evenodd\" clip-rule=\"evenodd\" d=\"M0.753781 14.569C1.01802 14.8333 1.45851 14.8333 1.72274 14.569L8.30731 7.98447C8.4174 7.87437 8.4835 7.69818 8.50549 7.52199L8.50549 7.45599C8.48349 7.27979 8.4174 7.12566 8.30731 7.01556L1.72274 0.430992C1.45851 0.166757 1.01802 0.166757 0.753783 0.430992C0.467491 0.695227 0.467491 1.13572 0.753782 1.42195L6.83182 7.49999L0.753781 13.578C0.46749 13.8423 0.46749 14.3047 0.753781 14.569L0.753781 14.569Z\" fill=\"#23753B\" \/>\n                                    <\/svg>\n\n                                <\/span>\n                            <\/div>\n                        <\/a>\n                    <\/div><!-- \/.news -->\n                                                        <div class=\"news grid__items slide-up\" data-scroll=\"\">\n                        <a href=\"https:\/\/career.aurelius-group.com\/de\/people-story\/moritz-auhagen\/\">\n                            <div class=\"news__img\">\n                                                                    <div class=\"news__img_bg\" style=\"background-image: url(https:\/\/career.aurelius-group.com\/wp-content\/uploads\/2024\/01\/shutterstock_1834093705-scaled-22.jpg);\">\n                                    <\/div>\n\n                                \n                                <div class=\"news__img_bg-logo\">\n                                    <img decoding=\"async\" src=\"https:\/\/career.aurelius-group.com\/wp-content\/uploads\/2023\/11\/Auhagen-e1705961899933.jpg\" alt=\"\">\n                                <\/div>\n                            <\/div><!-- \/.news__img -->\n\n\n                            <div class=\"news__desc\">\n\n                                <h3 class=\"section--title\">Moritz Auhagen<\/h3>\n                                <p>AURELIUS hat es mir erm\u00f6glicht, zu Beginn meiner Laufbahn viel Eigenverantwortung zu \u00fcbernehmen, was sich als sehr positiv f\u00fcr meine Lernkurve herausstellte.<\/p>\n\n                                <span class=\"btn\" href=\"https:\/\/career.aurelius-group.com\/de\/people-story\/moritz-auhagen\/\">\n                                    Mehr erfahren                                    <svg xmlns=\"http:\/\/www.w3.org\/2000\/svg\" width=\"9\" height=\"15\" viewBox=\"0 0 9 15\" fill=\"none\">\n                                        <path fill-rule=\"evenodd\" clip-rule=\"evenodd\" d=\"M0.753781 14.569C1.01802 14.8333 1.45851 14.8333 1.72274 14.569L8.30731 7.98447C8.4174 7.87437 8.4835 7.69818 8.50549 7.52199L8.50549 7.45599C8.48349 7.27979 8.4174 7.12566 8.30731 7.01556L1.72274 0.430992C1.45851 0.166757 1.01802 0.166757 0.753783 0.430992C0.467491 0.695227 0.467491 1.13572 0.753782 1.42195L6.83182 7.49999L0.753781 13.578C0.46749 13.8423 0.46749 14.3047 0.753781 14.569L0.753781 14.569Z\" fill=\"#23753B\" \/>\n                                    <\/svg>\n\n                                <\/span>\n                            <\/div>\n                        <\/a>\n                    <\/div><!-- \/.news -->\n                                            \n\n\n        <\/div><!-- \/.news--block -->\n        <!-- <div class=\"btn--block\">\n            <a href=\"#\" class=\"btn load-more\">Load More<svg xmlns=\"http:\/\/www.w3.org\/2000\/svg\" width=\"9\" height=\"15\"\n                    viewBox=\"0 0 9 15\" fill=\"none\">\n                    <path fill-rule=\"evenodd\" clip-rule=\"evenodd\"\n                        d=\"M0.753781 14.569C1.01802 14.8333 1.45851 14.8333 1.72274 14.569L8.30731 7.98447C8.4174 7.87437 8.4835 7.69818 8.50549 7.52199L8.50549 7.45599C8.48349 7.27979 8.4174 7.12566 8.30731 7.01556L1.72274 0.430992C1.45851 0.166757 1.01802 0.166757 0.753783 0.430992C0.467491 0.695227 0.467491 1.13572 0.753782 1.42195L6.83182 7.49999L0.753781 13.578C0.46749 13.8423 0.46749 14.3047 0.753781 14.569L0.753781 14.569Z\"\n                        fill=\"#23753B\" \/>\n                <\/svg><\/a>\n        <\/div> -->\n    <\/div>\n<\/section>","protected":false},"excerpt":{"rendered":"","protected":false},"author":3,"featured_media":0,"parent":8086,"menu_order":60,"comment_status":"closed","ping_status":"closed","template":"","meta":{"_acf_changed":true,"inline_featured_image":false,"footnotes":""},"class_list":["post-8784","page","type-page","status-publish","hentry"],"acf":[],"_links":{"self":[{"href":"https:\/\/career.aurelius-group.com\/de\/wp-json\/wp\/v2\/pages\/8784","targetHints":{"allow":["GET"]}}],"collection":[{"href":"https:\/\/career.aurelius-group.com\/de\/wp-json\/wp\/v2\/pages"}],"about":[{"href":"https:\/\/career.aurelius-group.com\/de\/wp-json\/wp\/v2\/types\/page"}],"author":[{"embeddable":true,"href":"https:\/\/career.aurelius-group.com\/de\/wp-json\/wp\/v2\/users\/3"}],"replies":[{"embeddable":true,"href":"https:\/\/career.aurelius-group.com\/de\/wp-json\/wp\/v2\/comments?post=8784"}],"version-history":[{"count":0,"href":"https:\/\/career.aurelius-group.com\/de\/wp-json\/wp\/v2\/pages\/8784\/revisions"}],"up":[{"embeddable":true,"href":"https:\/\/career.aurelius-group.com\/de\/wp-json\/wp\/v2\/pages\/8086"}],"wp:attachment":[{"href":"https:\/\/career.aurelius-group.com\/de\/wp-json\/wp\/v2\/media?parent=8784"}],"curies":[{"name":"wp","href":"https:\/\/api.w.org\/{rel}","templated":true}]}}