{"id":8250,"date":"2024-01-09T15:46:23","date_gmt":"2024-01-09T15:46:23","guid":{"rendered":"https:\/\/aureliuscareer.wpenginepowered.com\/c-level\/karriere\/"},"modified":"2024-03-06T11:09:36","modified_gmt":"2024-03-06T11:09:36","slug":"karriere-2","status":"publish","type":"page","link":"https:\/\/career.aurelius-group.com\/de\/praktikanten\/karriere-2\/","title":{"rendered":"Praktikums-Programme"},"content":{"rendered":"\n<section class=\"textBlock-Wrap\"\n    id=\"\" data-scroll=\"\">\n\n    \n    <div class=\"holder \">\n       \n        <div class=\"text--block slide-up\">\n\n                                                           \n                        <div class=\"text--block__title text-center\"> \n                                <h2 class=\"fullLine\">Gestalte deine Karriere durch ein Praktikum!<\/h2>\n                            <\/div>\n                                            \n                            <div class=\"text--block__desc\">\n                                <p>Wir bieten in erster Linie Praktika im Investment Advisory an, es gibt jedoch auch regelm\u00e4\u00dfig offene Praktikumsstellen in anderen Abteilungen wie Debt Financing &amp; Capital Markets, Finance, Tax, Legal, Business Development, Real Estate und Operations.<\/p>\n<p>Dabei m\u00f6chten wir besonders unser einzigartiges \u201eInside-Out-Praktikum\u201c hervorheben \u2013 eine Kombination aus Investment Advisory und Operations: Absolviere ein Praktikum mit drei Monaten \u201einside\u201c mit unserem Investment Advisory team und drei Monaten \u201eoutside\u201c in einem unserer Portfoliounternehmen.<\/p>\n<p>Wir empfehlen dir, f\u00fcr dein Praktikum bei AURELIUS einen Zeitraum von mindestens drei Monaten einzuplanen. Gelegentlich bieten wir auch Kurzpraktika f\u00fcr nur acht bis zehn Wochen sowie in einigen Gesch\u00e4ftsbereichen l\u00e4ngerfristige Praktika von bis zu sechs Monaten an.<\/p>\n<p>Au\u00dferdem gibt es bei uns teilweise Praktika f\u00fcr Hochschulabsolventinnen und -absolventen sowie f\u00fcr Young Professionals mit Berufserfahrung, die gerade ein MBA-Studium absolvieren.<\/p>\n                            <\/div>\n\n                    <\/div>\n    <\/div>\n<\/section>\n<!-- ============= End of \/.textBlock--wrap =============== -->","protected":false},"excerpt":{"rendered":"","protected":false},"author":3,"featured_media":0,"parent":8106,"menu_order":68,"comment_status":"closed","ping_status":"closed","template":"","meta":{"_acf_changed":true,"inline_featured_image":false,"footnotes":""},"class_list":["post-8250","page","type-page","status-publish","hentry"],"acf":[],"_links":{"self":[{"href":"https:\/\/career.aurelius-group.com\/de\/wp-json\/wp\/v2\/pages\/8250","targetHints":{"allow":["GET"]}}],"collection":[{"href":"https:\/\/career.aurelius-group.com\/de\/wp-json\/wp\/v2\/pages"}],"about":[{"href":"https:\/\/career.aurelius-group.com\/de\/wp-json\/wp\/v2\/types\/page"}],"author":[{"embeddable":true,"href":"https:\/\/career.aurelius-group.com\/de\/wp-json\/wp\/v2\/users\/3"}],"replies":[{"embeddable":true,"href":"https:\/\/career.aurelius-group.com\/de\/wp-json\/wp\/v2\/comments?post=8250"}],"version-history":[{"count":0,"href":"https:\/\/career.aurelius-group.com\/de\/wp-json\/wp\/v2\/pages\/8250\/revisions"}],"up":[{"embeddable":true,"href":"https:\/\/career.aurelius-group.com\/de\/wp-json\/wp\/v2\/pages\/8106"}],"wp:attachment":[{"href":"https:\/\/career.aurelius-group.com\/de\/wp-json\/wp\/v2\/media?parent=8250"}],"curies":[{"name":"wp","href":"https:\/\/api.w.org\/{rel}","templated":true}]}}