{"id":8121,"date":"2023-10-26T13:38:44","date_gmt":"2023-10-26T13:38:44","guid":{"rendered":"https:\/\/aureliuscareer.wpenginepowered.com\/c-level\/people-stories\/"},"modified":"2026-04-08T11:19:59","modified_gmt":"2026-04-08T11:19:59","slug":"people-stories","status":"publish","type":"page","link":"https:\/\/career.aurelius-group.com\/de\/c-level\/people-stories\/","title":{"rendered":"People Stories"},"content":{"rendered":"\n<section class=\"page--heading\" data-scroll=\"\">\n    <div class=\"holder\">\n            <\/div>\n<\/section>\n\n<section class=\"content-block caseStudy--col\">\n    <div class=\"holder\">\n        <div class=\"news--wrapper ctal-item--container\">\n                                                                    <div class=\"news grid__items slide-up\" data-scroll=\"\">\n                        <a href=\"https:\/\/career.aurelius-group.com\/de\/people-story\/fred-klinkert-bottin-de\/\">\n                            <div class=\"news__img\">\n                                                                    <div class=\"news__img_bg\" style=\"background-image: url(https:\/\/career.aurelius-group.com\/wp-content\/uploads\/2023\/11\/shutterstock_1834093705-scaled-23.jpg);\">\n                                    <\/div>\n\n                                \n                                <div class=\"news__img_bg-logo\">\n                                    <img decoding=\"async\" src=\"https:\/\/career.aurelius-group.com\/wp-content\/uploads\/2026\/03\/PHOTO-2024-11-08-19-08-17.jpg\" alt=\"\">\n                                <\/div>\n                            <\/div><!-- \/.news__img -->\n\n\n                            <div class=\"news__desc\">\n\n                                <h3 class=\"section--title\">Fred Klinkert-Bottin<\/h3>\n                                <p>Das Beste an AURELIUS? Ganz einfach: die St\u00e4rke des Teams auf allen Ebenen, vom Gesch\u00e4ftsf\u00fchrer bis hin zu den Fachexperten, die t\u00e4glich an meiner Seite arbeiten und die Arbeit vorantreiben.<\/p>\n\n                                <span class=\"btn\" href=\"https:\/\/career.aurelius-group.com\/de\/people-story\/fred-klinkert-bottin-de\/\">\n                                    Mehr erfahren                                    <svg xmlns=\"http:\/\/www.w3.org\/2000\/svg\" width=\"9\" height=\"15\" viewBox=\"0 0 9 15\" fill=\"none\">\n                                        <path fill-rule=\"evenodd\" clip-rule=\"evenodd\" d=\"M0.753781 14.569C1.01802 14.8333 1.45851 14.8333 1.72274 14.569L8.30731 7.98447C8.4174 7.87437 8.4835 7.69818 8.50549 7.52199L8.50549 7.45599C8.48349 7.27979 8.4174 7.12566 8.30731 7.01556L1.72274 0.430992C1.45851 0.166757 1.01802 0.166757 0.753783 0.430992C0.467491 0.695227 0.467491 1.13572 0.753782 1.42195L6.83182 7.49999L0.753781 13.578C0.46749 13.8423 0.46749 14.3047 0.753781 14.569L0.753781 14.569Z\" fill=\"#23753B\" \/>\n                                    <\/svg>\n\n                                <\/span>\n                            <\/div>\n                        <\/a>\n                    <\/div><!-- \/.news -->\n                                                        <div class=\"news grid__items slide-up\" data-scroll=\"\">\n                        <a href=\"https:\/\/career.aurelius-group.com\/de\/people-story\/matthew-green-de\/\">\n                            <div class=\"news__img\">\n                                                                    <div class=\"news__img_bg\" style=\"background-image: url(https:\/\/career.aurelius-group.com\/wp-content\/uploads\/2023\/11\/shutterstock_1834093705-scaled-23.jpg);\">\n                                    <\/div>\n\n                                \n                                <div class=\"news__img_bg-logo\">\n                                    <img decoding=\"async\" src=\"https:\/\/career.aurelius-group.com\/wp-content\/uploads\/2026\/03\/Mathew-Green-rotated-e1774364496353.jpg\" alt=\"\">\n                                <\/div>\n                            <\/div><!-- \/.news__img -->\n\n\n                            <div class=\"news__desc\">\n\n                                <h3 class=\"section--title\">Matthew Green<\/h3>\n                                <p>Mir gef\u00e4llt besonders, wie sehr AURELIUS den Schwerpunkt auf operative Unterst\u00fctzung legt und wie viel die Gruppe in die F\u00f6rderung von F\u00fchrungskr\u00e4ften in ihren Unternehmen investiert. <\/p>\n\n                                <span class=\"btn\" href=\"https:\/\/career.aurelius-group.com\/de\/people-story\/matthew-green-de\/\">\n                                    Mehr erfahren                                    <svg xmlns=\"http:\/\/www.w3.org\/2000\/svg\" width=\"9\" height=\"15\" viewBox=\"0 0 9 15\" fill=\"none\">\n                                        <path fill-rule=\"evenodd\" clip-rule=\"evenodd\" d=\"M0.753781 14.569C1.01802 14.8333 1.45851 14.8333 1.72274 14.569L8.30731 7.98447C8.4174 7.87437 8.4835 7.69818 8.50549 7.52199L8.50549 7.45599C8.48349 7.27979 8.4174 7.12566 8.30731 7.01556L1.72274 0.430992C1.45851 0.166757 1.01802 0.166757 0.753783 0.430992C0.467491 0.695227 0.467491 1.13572 0.753782 1.42195L6.83182 7.49999L0.753781 13.578C0.46749 13.8423 0.46749 14.3047 0.753781 14.569L0.753781 14.569Z\" fill=\"#23753B\" \/>\n                                    <\/svg>\n\n                                <\/span>\n                            <\/div>\n                        <\/a>\n                    <\/div><!-- \/.news -->\n                                                        <div class=\"news grid__items slide-up\" data-scroll=\"\">\n                        <a href=\"https:\/\/career.aurelius-group.com\/de\/people-story\/christian-tebroke-de\/\">\n                            <div class=\"news__img\">\n                                                                    <div class=\"news__img_bg\" style=\"background-image: url(https:\/\/career.aurelius-group.com\/wp-content\/uploads\/2024\/01\/shutterstock_1834093705-scaled-2-Large.jpeg);\">\n                                    <\/div>\n\n                                \n                                <div class=\"news__img_bg-logo\">\n                                    <img decoding=\"async\" src=\"https:\/\/career.aurelius-group.com\/wp-content\/uploads\/2026\/03\/ECO3-I-CT.jpg\" alt=\"\">\n                                <\/div>\n                            <\/div><!-- \/.news__img -->\n\n\n                            <div class=\"news__desc\">\n\n                                <h3 class=\"section--title\">Christian Tebroke<\/h3>\n                                <p>Mit den Kollegen von AURELIUS zu sprechen bedeutet, mit Unternehmern zu sprechen. Ihr tiefgreifendes Verst\u00e4ndnis der Branchendynamik und ihr pragmatischer L\u00f6sungsansatz bieten die n\u00f6tige Flexibilit\u00e4t, um mit meinem Team in sich rasch wandelnden Umfeldern erfolgreich zu sein.<\/p>\n\n                                <span class=\"btn\" href=\"https:\/\/career.aurelius-group.com\/de\/people-story\/christian-tebroke-de\/\">\n                                    Mehr erfahren                                    <svg xmlns=\"http:\/\/www.w3.org\/2000\/svg\" width=\"9\" height=\"15\" viewBox=\"0 0 9 15\" fill=\"none\">\n                                        <path fill-rule=\"evenodd\" clip-rule=\"evenodd\" d=\"M0.753781 14.569C1.01802 14.8333 1.45851 14.8333 1.72274 14.569L8.30731 7.98447C8.4174 7.87437 8.4835 7.69818 8.50549 7.52199L8.50549 7.45599C8.48349 7.27979 8.4174 7.12566 8.30731 7.01556L1.72274 0.430992C1.45851 0.166757 1.01802 0.166757 0.753783 0.430992C0.467491 0.695227 0.467491 1.13572 0.753782 1.42195L6.83182 7.49999L0.753781 13.578C0.46749 13.8423 0.46749 14.3047 0.753781 14.569L0.753781 14.569Z\" fill=\"#23753B\" \/>\n                                    <\/svg>\n\n                                <\/span>\n                            <\/div>\n                        <\/a>\n                    <\/div><!-- \/.news -->\n                                            \n\n\n        <\/div><!-- \/.news--block -->\n        <!-- <div class=\"btn--block\">\n            <a href=\"#\" class=\"btn load-more\">Load More<svg xmlns=\"http:\/\/www.w3.org\/2000\/svg\" width=\"9\" height=\"15\"\n                    viewBox=\"0 0 9 15\" fill=\"none\">\n                    <path fill-rule=\"evenodd\" clip-rule=\"evenodd\"\n                        d=\"M0.753781 14.569C1.01802 14.8333 1.45851 14.8333 1.72274 14.569L8.30731 7.98447C8.4174 7.87437 8.4835 7.69818 8.50549 7.52199L8.50549 7.45599C8.48349 7.27979 8.4174 7.12566 8.30731 7.01556L1.72274 0.430992C1.45851 0.166757 1.01802 0.166757 0.753783 0.430992C0.467491 0.695227 0.467491 1.13572 0.753782 1.42195L6.83182 7.49999L0.753781 13.578C0.46749 13.8423 0.46749 14.3047 0.753781 14.569L0.753781 14.569Z\"\n                        fill=\"#23753B\" \/>\n                <\/svg><\/a>\n        <\/div> -->\n    <\/div>\n<\/section>","protected":false},"excerpt":{"rendered":"","protected":false},"author":3,"featured_media":0,"parent":8115,"menu_order":66,"comment_status":"closed","ping_status":"closed","template":"","meta":{"_acf_changed":true,"inline_featured_image":false,"footnotes":""},"class_list":["post-8121","page","type-page","status-publish","hentry"],"acf":[],"_links":{"self":[{"href":"https:\/\/career.aurelius-group.com\/de\/wp-json\/wp\/v2\/pages\/8121","targetHints":{"allow":["GET"]}}],"collection":[{"href":"https:\/\/career.aurelius-group.com\/de\/wp-json\/wp\/v2\/pages"}],"about":[{"href":"https:\/\/career.aurelius-group.com\/de\/wp-json\/wp\/v2\/types\/page"}],"author":[{"embeddable":true,"href":"https:\/\/career.aurelius-group.com\/de\/wp-json\/wp\/v2\/users\/3"}],"replies":[{"embeddable":true,"href":"https:\/\/career.aurelius-group.com\/de\/wp-json\/wp\/v2\/comments?post=8121"}],"version-history":[{"count":0,"href":"https:\/\/career.aurelius-group.com\/de\/wp-json\/wp\/v2\/pages\/8121\/revisions"}],"up":[{"embeddable":true,"href":"https:\/\/career.aurelius-group.com\/de\/wp-json\/wp\/v2\/pages\/8115"}],"wp:attachment":[{"href":"https:\/\/career.aurelius-group.com\/de\/wp-json\/wp\/v2\/media?parent=8121"}],"curies":[{"name":"wp","href":"https:\/\/api.w.org\/{rel}","templated":true}]}}