{"id":8117,"date":"2023-10-26T14:14:22","date_gmt":"2023-10-26T14:14:22","guid":{"rendered":"https:\/\/aureliuscareer.wpenginepowered.com\/c-level\/career-development\/"},"modified":"2024-03-06T13:11:38","modified_gmt":"2024-03-06T13:11:38","slug":"karriere","status":"publish","type":"page","link":"https:\/\/career.aurelius-group.com\/de\/c-level\/karriere\/","title":{"rendered":"Karriere"},"content":{"rendered":"\n<section class=\"textBlock-Wrap\"\n    id=\"\" data-scroll=\"\">\n\n    \n    <div class=\"holder \">\n       \n        <div class=\"text--block slide-up\">\n\n                                                           \n                        <div class=\"text--block__title text-center\"> \n                                <h2 class=\"fullLine\">Als CXO k\u00f6nnen Sie etwas bewegen.<\/h2>\n                            <\/div>\n                                            \n                            <div class=\"text--block__desc\">\n                                <p>Als erfahrener Gesch\u00e4ftsf\u00fchrer, der eine C-Level-Rolle in einem der Portfoliounternehmen von AURELIUS \u00fcbernimmt, verpflichten Sie sich in der Regel, in dieser Position \u00fcber den Exit des Unternehmens hinaus zu bleiben. Damit endet Ihre Reise mit AURELIUS aber nicht unbedingt, sondern geht wom\u00f6glich erst richtig los.<\/p>\n<p>Erfolgreiche Manager auf C-Level haben bei AURELIUS folgende Karrierem\u00f6glichkeiten:<\/p>\n<ul>\n<li>\u00dcbernehmen Sie eine weitere C-Level-Rolle mit gr\u00f6\u00dferem Aufgaben- oder Verantwortungsbereich (wom\u00f6glich als Group-CEO\/CFO) in einem Portfoliounternehmen von AURELIUS.<\/li>\n<li>Werden Sie Managing Director: Wachsen Sie in eine Managing Director-Rolle hinein, \u00fcbernehmen Sie die Gesamtverantwortung f\u00fcr die operativen Aktivit\u00e4ten einer Portfoliogesellschaft von AURELIUS direkt nach der \u00dcbernahme und arbeiten Sie eng mit dem CEO\/CFO des entsprechenden Unternehmens zusammen.<\/li>\n<li>Werden Sie Senior Managing Director: bauen Sie als Managing Director Ihr eigenes Beteiligungsportfolio auf und \u00fcbernehmen Sie perpektivisch die Rolle des Senior Managing Directors, der in der Regel 2-4 Unternehmen parallel betreut.<\/li>\n<\/ul>\n                            <\/div>\n\n                    <\/div>\n    <\/div>\n<\/section>\n<!-- ============= End of \/.textBlock--wrap =============== -->","protected":false},"excerpt":{"rendered":"","protected":false},"author":3,"featured_media":0,"parent":8115,"menu_order":43,"comment_status":"closed","ping_status":"closed","template":"","meta":{"_acf_changed":true,"inline_featured_image":false,"footnotes":""},"class_list":["post-8117","page","type-page","status-publish","hentry"],"acf":[],"_links":{"self":[{"href":"https:\/\/career.aurelius-group.com\/de\/wp-json\/wp\/v2\/pages\/8117","targetHints":{"allow":["GET"]}}],"collection":[{"href":"https:\/\/career.aurelius-group.com\/de\/wp-json\/wp\/v2\/pages"}],"about":[{"href":"https:\/\/career.aurelius-group.com\/de\/wp-json\/wp\/v2\/types\/page"}],"author":[{"embeddable":true,"href":"https:\/\/career.aurelius-group.com\/de\/wp-json\/wp\/v2\/users\/3"}],"replies":[{"embeddable":true,"href":"https:\/\/career.aurelius-group.com\/de\/wp-json\/wp\/v2\/comments?post=8117"}],"version-history":[{"count":0,"href":"https:\/\/career.aurelius-group.com\/de\/wp-json\/wp\/v2\/pages\/8117\/revisions"}],"up":[{"embeddable":true,"href":"https:\/\/career.aurelius-group.com\/de\/wp-json\/wp\/v2\/pages\/8115"}],"wp:attachment":[{"href":"https:\/\/career.aurelius-group.com\/de\/wp-json\/wp\/v2\/media?parent=8117"}],"curies":[{"name":"wp","href":"https:\/\/api.w.org\/{rel}","templated":true}]}}