{"id":8115,"date":"2023-10-26T13:18:40","date_gmt":"2023-10-26T13:18:40","guid":{"rendered":"https:\/\/aureliuscareer.wpenginepowered.com\/c-level\/"},"modified":"2026-01-12T09:50:50","modified_gmt":"2026-01-12T09:50:50","slug":"c-level","status":"publish","type":"page","link":"https:\/\/career.aurelius-group.com\/de\/c-level\/","title":{"rendered":"C-Level"},"content":{"rendered":"\n<section class=\"textBlock-Wrap\"\n    id=\"\" data-scroll=\"\">\n\n    \n    <div class=\"holder \">\n       \n        <div class=\"text--block slide-up\">\n\n                            <div class=\"text--block__desc\">\n                                <p>Das Management unserer Portfoliounternehmen tr\u00e4gt zur Gesamtleistung und zum Erfolg jedes einzelnen Unternehmens bei. Wir besetzen regelm\u00e4\u00dfig offene Stellen auf F\u00fchrungsebene \u2013 von CEO-\/CFO-Rollen in kleineren bis mittelgro\u00dfen Unternehmen, die ihre Gesch\u00e4fte durch (agiles) Buy &amp; Build erweitern wollen, bis hin zu F\u00fchrungspositionen in unseren gr\u00f6\u00dferen internationalen Beteiligungen. Dies ist eine gro\u00dfartige Gelegenheit f\u00fcr pragmatische Hands-on-Generalisten mit starkem Unternehmergeist und dem Willen, Transformation voranzutreiben \u2013 f\u00fcr Pers\u00f6nlichkeiten, die sich in einer attraktiven F\u00fchrungsposition weiterentwickeln, die Zukunft eines Einzelunternehmens aktiv mitgestalten und Teil einer spannenden Equity-Wachstums-Story werden wollen.<\/p>\n                            <\/div>\n\n                    <\/div>\n    <\/div>\n<\/section>\n<!-- ============= End of \/.textBlock--wrap =============== -->\n\n\n    <section class=\"fullwidthImg  slide-up\" data-scroll=\"\" id=\"\">\n                    <div class=\"jarallax\" data-speed=\"0.5\" style=\"background-image: url(https:\/\/career.aurelius-group.com\/wp-content\/uploads\/2024\/01\/DSC03295_cp-scaled-e1707199121223.jpg);\"><\/div>\n                <div class=\"holder\">\n            <div class=\"textImg\">\n                <div class=\"textImg__desc\">\n                    <div class=\"textImg__desc_text\">\n                        <div class=\"textImg__desc_textInfo\">\n                                                            <h3>Karriereentwicklung<\/h3>\n                                                                                        <h2 class=\"block--title fullLine\">Bei AURELIUS k\u00f6nnen Sie vom ersten Tag an etwas bewirken.<\/h2>\n                            \n                                                            <p>Steigen Sie als CXO bei uns ein. Unabh\u00e4ngig davon, wof\u00fcr das X steht: Auf die Umsetzung kommt es an, und Ihr Erfolg wird wohlverdient sein.<\/p>\n                                                    <\/div>\n                        <div class=\"btn--block \">\n                                                                                                                                        <a class=\"btn\" href=\"\/de\/c-level\/karriere\/\" target=\"_self\">Mehr<svg width=\"5\" height=\"10\" viewBox=\"0 0 5 10\" fill=\"none\" xmlns=\"http:\/\/www.w3.org\/2000\/svg\">\n    <path id=\"Vector\" fill-rule=\"evenodd\" clip-rule=\"evenodd\"\n        d=\"M0.199977 9.608C0.363597 9.77162 0.636357 9.77162 0.799977 9.608L4.87728 5.5307C4.94545 5.46252 4.98638 5.35342 5 5.24432L5 5.20345C4.98638 5.09435 4.94545 4.9989 4.87728 4.93073L0.799978 0.853424C0.636358 0.689804 0.363598 0.689804 0.199978 0.853424C0.0227006 1.01704 0.0227006 1.2898 0.199978 1.46704L3.96363 5.2307L0.199977 8.99435C0.0226999 9.15797 0.0226999 9.44435 0.199977 9.60797L0.199977 9.608Z\"\n        fill=\"white\" \/>\n<\/svg>\n                                         <\/a>\n\n                                                                                                                        <\/div>\n                    <\/div>\n                <\/div><!-- \/.textImg__desc -->\n            <\/div><!-- \/.textImg -->\n\n        <\/div>\n    <\/section>\n\n<!-- ============= End of \/.fullwidthImg--wrap =============== -->\n\n\n\n\n<section class=\"people--storiesWrapper\">\n    <div class=\"holder\" data-scroll=\"\">\n        <div class=\"title--block \">\n                    <div class=\"title--block__title \">\n           <h2 class=\"block--title fullLine\"> People Stories<\/h2>\n            <\/div> \n                             <div class=\"title--block__btn\">\n                <a class=\"btn\" href=\"\/de\/aurelius-als-arbeitgeber\/people-stories\/\" target=\"_self\">Mehr                    <svg xmlns=\"http:\/\/www.w3.org\/2000\/svg\" width=\"8\"\n                        height=\"15\" viewBox=\"0 0 8 15\" fill=\"none\">\n                        <path fill-rule=\"evenodd\" clip-rule=\"evenodd\"\n                            d=\"M0.215085 14.569C0.47932 14.8333 0.919809 14.8333 1.18404 14.569L7.76861 7.98447C7.8787 7.87437 7.9448 7.69818 7.9668 7.52199L7.9668 7.45599C7.9448 7.27979 7.8787 7.12566 7.76861 7.01556L1.18405 0.430992C0.919811 0.166757 0.479321 0.166757 0.215086 0.430992C-0.0712049 0.695227 -0.0712049 1.13572 0.215086 1.42195L6.29313 7.49999L0.215085 13.578C-0.071206 13.8423 -0.0712061 14.3047 0.215085 14.569L0.215085 14.569Z\"\n                            fill=\"#23753B\" \/>\n                    <\/svg><\/a>\n            <\/div>\n        \n                   \n        <\/div><!-- \/.title--block -->\n\n        <div class=\"swiper peopleSlider\">\n            <div class=\"swiper-wrapper\">\n\n                           \n               \n            <\/div>\n                <\/div><!-- \/.statsSlider -->\n    <\/div>\n<\/section>\n\n \n    <section class=\"content-block Textaccordion\" data-scroll=\"\" id=\"\">\n        <div class=\"holder\">\n            <div class=\"acordionBlock\">\n                                <div class=\"acordionBlock--title\">\n                    <h2 class=\"block--title fullLine\">Mehr erfahren<\/h2>\n                <\/div>\n\n                \n                <div class=\"accordion_content\">                <\/div>\n\n                <div class=\"accordion collapsable slide-up\">\n                                                                                                            <h3> Welches Profil sucht AURELIUS auf C-Level?<\/h3>\n                                 \n                                <div class=\"accordion_content\">\n                                                                        <p>Wir suchen eine generalistische Gesch\u00e4ftsf\u00fchrung mit Interesse, Mut zur Ver\u00e4nderung, einer gro\u00dfen Portion Pragmatismus, starkem Unternehmergeist und einer Hands-on-Mentalit\u00e4t, gepaart mit exzellenten analytischen und kommunikativen F\u00e4higkeiten und einem ausgepr\u00e4gten Teamgeist.<\/p>\n<p>Der\/die ideale Bewerber bzw. Bewerberin verf\u00fcgt \u00fcber nachweisliche Erfahrungen in einer F\u00fchrungsposition mit umfassender P&amp;L-Verantwortung in einem mittelstandsgepr\u00e4gten Umfeld und\/oder Private-Equity-finanzierten Unternehmen oder in der Leitung eines Gesch\u00e4ftsbereichs oder einer einschl\u00e4gigen Business Unit.<\/p>\n<p>Von gro\u00dfem Vorteil sind Erfahrungen in einer strategischen (Top)-Unternehmensberatung, im Aufbau und in der Entwicklung von Teams sowie die F\u00e4higkeit, Menschen mit dem n\u00f6tigen Feingef\u00fchl und der richtigen Geschwindigkeit durch kritische Transformationen zu f\u00fchren.<\/p>\n                                     \n                                <\/div>\n                                                                                        <h3> Welche Voraussetzungen m\u00fcssen erf\u00fcllt sein, um zu einem Gespr\u00e4ch eingeladen zu werden?<\/h3>\n                                 \n                                <div class=\"accordion_content\">\n                                                                        <p>Neben den formellen Anforderungen wie einem entsprechenden akademischen und beruflichen Hintergrund suchen wir immer nach dem bestm\u00f6glichen \u201eMatch\u201c zwischen dem Portfoliounternehmen und dem potenziellen C-Level-Kandidaten und Kandidatinnen.<\/p>\n<p>Die Gr\u00f6\u00dfe des Portfoliounternehmens, die aktuellen Herausforderungen im Unternehmen, die Struktur der Organisation\/des Managementteams sowie der mittelfristige strategische (Wachstums-)Plan des Unternehmens spielen eine tragende Rolle bei der Auswahl der Kandidaten und Kandidatinnen, die wir zu einem ersten Vorstellungsgespr\u00e4ch einladen.<\/p>\n                                     \n                                <\/div>\n                                                                                        <h3> Bietet AURELIUS C-Level-Kandidaten M\u00f6glichkeiten der Beteiligung an den Portfoliounternehmen?<\/h3>\n                                 \n                                <div class=\"accordion_content\">\n                                                                        <p>Im Allgemeinen ja. Art und Umfang der Beteiligung richten sich nach dem Zeitpunkt, zu dem der Kandidat oder die Kandidatin in das Unternehmen eintritt, und der allgemeinen Unternehmenssituation zu diesem Zeitpunkt.<\/p>\n                                     \n                                <\/div>\n                                                                                        <h3> Ist Pr\u00e4senz vor Ort erforderlich oder sind hybride Arbeitsweisen m\u00f6glich?<\/h3>\n                                 \n                                <div class=\"accordion_content\">\n                                                                        <p>Auf C-Level wird Pr\u00e4senz an vier Tagen pro Woche erwartet.<\/p>\n                                     \n                                <\/div>\n                                            \n\n                <\/div>\n            <\/div>\n    <\/section>\n    <!-- ============= End of \/.textBlock =============== -->\n\n\n \n\n\n<p><\/p>\n","protected":false},"excerpt":{"rendered":"","protected":false},"author":3,"featured_media":0,"parent":0,"menu_order":14,"comment_status":"closed","ping_status":"closed","template":"","meta":{"_acf_changed":true,"inline_featured_image":false,"footnotes":""},"class_list":["post-8115","page","type-page","status-publish","hentry"],"acf":[],"_links":{"self":[{"href":"https:\/\/career.aurelius-group.com\/de\/wp-json\/wp\/v2\/pages\/8115","targetHints":{"allow":["GET"]}}],"collection":[{"href":"https:\/\/career.aurelius-group.com\/de\/wp-json\/wp\/v2\/pages"}],"about":[{"href":"https:\/\/career.aurelius-group.com\/de\/wp-json\/wp\/v2\/types\/page"}],"author":[{"embeddable":true,"href":"https:\/\/career.aurelius-group.com\/de\/wp-json\/wp\/v2\/users\/3"}],"replies":[{"embeddable":true,"href":"https:\/\/career.aurelius-group.com\/de\/wp-json\/wp\/v2\/comments?post=8115"}],"version-history":[{"count":0,"href":"https:\/\/career.aurelius-group.com\/de\/wp-json\/wp\/v2\/pages\/8115\/revisions"}],"wp:attachment":[{"href":"https:\/\/career.aurelius-group.com\/de\/wp-json\/wp\/v2\/media?parent=8115"}],"curies":[{"name":"wp","href":"https:\/\/api.w.org\/{rel}","templated":true}]}}