{"id":8111,"date":"2023-11-02T13:27:53","date_gmt":"2023-11-02T13:27:53","guid":{"rendered":"https:\/\/aureliuscareer.wpenginepowered.com\/internships\/hiring-process\/"},"modified":"2024-03-06T13:00:46","modified_gmt":"2024-03-06T13:00:46","slug":"bewerbungsprozess","status":"publish","type":"page","link":"https:\/\/career.aurelius-group.com\/de\/praktikanten\/bewerbungsprozess\/","title":{"rendered":"Bewerbungsprozess"},"content":{"rendered":"\n<section class=\"textBlock-Wrap\"\n    id=\"\" data-scroll=\"\">\n\n    \n    <div class=\"holder \">\n       \n        <div class=\"text--block slide-up\">\n\n                            <div class=\"text--block__desc\">\n                                <p>Bitte bewirb dich online \u00fcber unsere Karriereseite \/ unser Online-Bewerbungsformular. Die Online-Bewerbung auszuf\u00fcllen, dauert nur etwa zehn Minuten. Du kannst deine Bewerbung jederzeit speichern und sp\u00e4ter daran weiterarbeiten. Wenn du dich f\u00fcr mehrere Stellen bewerben m\u00f6chtest, musst du f\u00fcr jede Stelle ein separates Bewerbungsformular ausf\u00fcllen. In deinem pers\u00f6nlichen Bewerberprofil kannst du deine Bewerbungen jederzeit komfortabel \u00fcberpr\u00fcfen, aktualisieren oder zur\u00fcckziehen.<\/p>\n<p>Sobald du deine Online-Bewerbung abgeschickt hast, wird die Personalabteilung von AURELIUS so schnell wie m\u00f6glich deinen Lebenslauf pr\u00fcfen. Ist das erste Screening erfolgreich gewesen, teilen wir dir mit, wie es weitergeht.<\/p>\n<p>Wir besch\u00e4ftigen uns eingehend mit jeder Bewerbung, um sicherzustellen, dass du f\u00fcr den Bereich deiner Wahl ausreichend qualifiziert bist. M\u00f6glicherweise verweisen wir dich auch auf eine andere Praktikumsstelle bei AURELIUS, in der du dich mit deinen F\u00e4higkeiten vielleicht besser einbringen kannst.<\/p>\n                            <\/div>\n\n                    <\/div>\n    <\/div>\n<\/section>\n<!-- ============= End of \/.textBlock--wrap =============== -->\n\n<section class=\"content-block cardWrap-col tabCard slide-up\" data-scroll=\"\">\n   \n    <div class=\"visible--desktop\">\n        <div class=\"tabsContainer\">\n            <div class=\"holder\">\n                <div class=\"tabsWrap\">\n\n                    <div class=\"tabItem active\" data-tabItem=\"tabItem-1\">\n                        <span>Interview &#8211; Prozess<\/span>\n                    <\/div>\n                    <div class=\"tabItem\" data-tabItem=\"tabItem-2\">\n                        <span>Interview &#8211; Stufen<\/span>\n                    <\/div>\n                <\/div>\n            <\/div>\n        <\/div>\n\n        <div class=\"InterviewWrap\">\n            <div id=\"tabItem-1\" class=\"tabItem active\">\n                <div class=\"InterviewWrap__item \">\n                    <h3 class=\"block--title fullLine\">Interview &#8211; Prozess<\/h3>\n                                         <p>Bitte beachte, dass der Ablauf des Interviewprozesses je nach Praktikumsstelle, auf die du dich bewirbst, leicht variieren kann.<\/p>\n<p><strong>Fachliches Interview:<\/strong> Dieses Gespr\u00e4ch basiert auf deinem Profil, bei dem AURELIUS deine F\u00e4higkeiten und Erfahrungen in Bezug auf die Stelle, deiner Wahl beurteilt. Beachte bitte, dass deine Pers\u00f6nlichkeit und deine Motivation bei AURELIUS einzusteigen im Auswahlprozess genauso wichtig sind wie deine fachliche Eignung f\u00fcr die Position. Deshalb solltest du beim Vorstellungsgespr\u00e4ch nicht einfach deinen Lebenslauf wiederholen, sondern auch Details mit uns teilen, die auf pers\u00f6nlichen Erfahrungen und Erfolgen sowie Herausforderungen basieren, mit denen du in der Vergangenheit konfrontiert warst. F\u00fcr uns ist spannend zu h\u00f6ren, wie diese dein Leben gepr\u00e4gt und zu Erfolgen gef\u00fchrt haben. Dabei m\u00f6chten wir dich bitten uns an Alltags-Beispielen zu demonstrieren, wie du Verantwortung \u00fcbernommen hast. Idealerweise hast du durch eine dynamische, pragmatische \u201eCan-Do\u201c-Einstellung\u201c mit deinen Handlungen pers\u00f6nlich etwas bewirkt und eine substantielle Ver\u00e4nderung geschaffen.<\/p>\n<p><strong>Fallstudie<\/strong>: Auf dieser Stufe werden wir deine Probleml\u00f6sungsf\u00e4higkeiten beurteilen. Dabei geht es darum festzustellen, ob du \u00fcber die n\u00f6tigen numerischen F\u00e4higkeiten, das betriebswirtschaftliche Verst\u00e4ndnis und den Kommunikationsstil sowie technisches Fachwissen sowie andere relevante Spezialkenntnisse verf\u00fcgst, die f\u00fcr die angestrebte Praktikumsstelle erforderlich sind.<\/p>\n                                    <\/div>\n            <\/div>\n\n            <div id=\"tabItem-2\" class=\"tabItem\">\n                <div class=\"InterviewWrap__item\">\n                    <h3 class=\"block--title fullLine\">Interview &#8211; Stufen <\/h3>\n                                            \n\n                                                        <ul>\n                                                                                                <li>\n\n                                                                        <span>1. Interview:<\/span>\n                                                                                                            <span>Vorstellungsgespr\u00e4ch mit einem Investment Associate\/Deiner zuk\u00fcnftigen F\u00fchrungskraft<\/span>\n                                    \n                                <\/li>\n                                                                <li>\n\n                                                                        <span>2. Interview:<\/span>\n                                                                                                            <span>1\/2 &#8211; 1 Tag Case Study mit einem Investment Manager\/Deiner zuk\u00fcnftigen F\u00fchrungskraft<\/span>\n                                    \n                                <\/li>\n                                                                <li>\n\n                                                                        <span>Finales Interview:<\/span>\n                                                                                                            <span>Optionales pers\u00f6nliches Gespr\u00e4ch mit einem Investment Principal\/Head of Department<\/span>\n                                    \n                                <\/li>\n                                                                \n\n                            <\/ul>    \n                                                            <\/div>\n            <\/div>\n        <\/div>\n    <\/div>\n\n    <div class=\"visible--mobile\">\n        <div class=\"holder\">\n           \n        <div class=\"interview-role \">\n            <h3>Interview &#8211; Prozess<\/h3>\n\n                        <p>Bitte beachte, dass der Ablauf des Interviewprozesses je nach Praktikumsstelle, auf die du dich bewirbst, leicht variieren kann.<\/p>\n<p><strong>Fachliches Interview:<\/strong> Dieses Gespr\u00e4ch basiert auf deinem Profil, bei dem AURELIUS deine F\u00e4higkeiten und Erfahrungen in Bezug auf die Stelle, deiner Wahl beurteilt. Beachte bitte, dass deine Pers\u00f6nlichkeit und deine Motivation bei AURELIUS einzusteigen im Auswahlprozess genauso wichtig sind wie deine fachliche Eignung f\u00fcr die Position. Deshalb solltest du beim Vorstellungsgespr\u00e4ch nicht einfach deinen Lebenslauf wiederholen, sondern auch Details mit uns teilen, die auf pers\u00f6nlichen Erfahrungen und Erfolgen sowie Herausforderungen basieren, mit denen du in der Vergangenheit konfrontiert warst. F\u00fcr uns ist spannend zu h\u00f6ren, wie diese dein Leben gepr\u00e4gt und zu Erfolgen gef\u00fchrt haben. Dabei m\u00f6chten wir dich bitten uns an Alltags-Beispielen zu demonstrieren, wie du Verantwortung \u00fcbernommen hast. Idealerweise hast du durch eine dynamische, pragmatische \u201eCan-Do\u201c-Einstellung\u201c mit deinen Handlungen pers\u00f6nlich etwas bewirkt und eine substantielle Ver\u00e4nderung geschaffen.<\/p>\n<p><strong>Fallstudie<\/strong>: Auf dieser Stufe werden wir deine Probleml\u00f6sungsf\u00e4higkeiten beurteilen. Dabei geht es darum festzustellen, ob du \u00fcber die n\u00f6tigen numerischen F\u00e4higkeiten, das betriebswirtschaftliche Verst\u00e4ndnis und den Kommunikationsstil sowie technisches Fachwissen sowie andere relevante Spezialkenntnisse verf\u00fcgst, die f\u00fcr die angestrebte Praktikumsstelle erforderlich sind.<\/p>\n                    <\/div>\n\n        <div class=\"interview-role\">\n                   <h3>Interview &#8211; Stufen<\/h3>\n\n                    \n                                            \n\n                                                        <ul>\n                                                                                                <li>\n\n                                                                        <span>1. Interview:<\/span>\n                                                                                                            <span>Vorstellungsgespr\u00e4ch mit einem Investment Associate\/Deiner zuk\u00fcnftigen F\u00fchrungskraft<\/span>\n                                    \n                                <\/li>\n                                                                <li>\n\n                                                                        <span>2. Interview:<\/span>\n                                                                                                            <span>1\/2 &#8211; 1 Tag Case Study mit einem Investment Manager\/Deiner zuk\u00fcnftigen F\u00fchrungskraft<\/span>\n                                    \n                                <\/li>\n                                                                <li>\n\n                                                                        <span>Finales Interview:<\/span>\n                                                                                                            <span>Optionales pers\u00f6nliches Gespr\u00e4ch mit einem Investment Principal\/Head of Department<\/span>\n                                    \n                                <\/li>\n                                                                \n\n                            <\/ul>    \n                                                        <\/div>\n        <\/div>\n\n        \n\n    <\/div>\n\n<\/section>\n<!-- ============= End of \/.theGroup-tabs =============== -->\n\n \n    <section class=\"content-block Textaccordion\" data-scroll=\"\" id=\"\">\n        <div class=\"holder\">\n            <div class=\"acordionBlock\">\n                                <div class=\"acordionBlock--title\">\n                    <h2 class=\"block--title fullLine\">Mehr erfahren<\/h2>\n                <\/div>\n\n                \n                <div class=\"accordion_content\">                <\/div>\n\n                <div class=\"accordion collapsable slide-up\">\n                                                                                                            <h3> Mit welchem Vorlauf sollte ich mich bewerben?<\/h3>\n                                 \n                                <div class=\"accordion_content\">\n                                                                        <p>Bitte bewirb dich mindestens sechs Monate im Voraus. Praktikumspl\u00e4tze im Investment Advisory werden normalerweise mit einem Vorlauf von sechs bis acht Monaten besetzt. Gelegentlich haben wir die M\u00f6glichkeit Praktikumspl\u00e4tze auch sehr kurzfristig anzubieten.<\/p>\n                                     \n                                <\/div>\n                                                                                        <h3> Welche Anforderungen muss ich erf\u00fcllen, um zu einem Vorstellungsgespr\u00e4ch eingeladen zu werden?<\/h3>\n                                 \n                                <div class=\"accordion_content\">\n                                                                        <p>Du verf\u00fcgst \u00fcber ein fundiertes akademisches Grundlagenwissen und befindest dich im Idealfall im letzten Jahr deines Bachelor-Studiums oder am Anfang deines Masterstudiums. Erste Arbeitserfahrung (idealerweise zwei oder drei relevante Praktika), ausgepr\u00e4gte analytische und kommunikative F\u00e4higkeiten sowie Teamf\u00e4higkeit werden vorausgesetzt.<\/p>\n                                     \n                                <\/div>\n                                                                                        <h3> Was ist, wenn ich die Voraussetzungen noch nicht erf\u00fclle oder das Timing des Praktikums nicht ideal ist?<\/h3>\n                                 \n                                <div class=\"accordion_content\">\n                                                                        <p>Du kannst dich zu einem sp\u00e4teren Zeitpunkt erneut bewerben oder uns bitten dich in unseren Bewerberpool aufzunehmen. Dann k\u00f6nnen wir erneut auf dich zukommen, sobald ein Praktikumsplatz frei wird.<\/p>\n                                     \n                                <\/div>\n                                                                                        <h3> Kann ich mich auch nach Abschluss meines Masterstudiums f\u00fcr einen Praktikumsplatz bewerben?<\/h3>\n                                 \n                                <div class=\"accordion_content\">\n                                                                        <p>Du kannst dich auch nach deinem Master-Abschluss f\u00fcr einen Praktikumsplatz bewerben, aber in der Regel bevorzugen wir Kandidaten und Kandidatinnen, die sich noch im Studium befinden.<\/p>\n                                     \n                                <\/div>\n                                            \n\n                <\/div>\n            <\/div>\n    <\/section>\n    <!-- ============= End of \/.textBlock =============== -->\n\n\n ","protected":false},"excerpt":{"rendered":"","protected":false},"author":3,"featured_media":0,"parent":8106,"menu_order":10,"comment_status":"closed","ping_status":"closed","template":"","meta":{"_acf_changed":true,"inline_featured_image":false,"footnotes":""},"class_list":["post-8111","page","type-page","status-publish","hentry"],"acf":[],"_links":{"self":[{"href":"https:\/\/career.aurelius-group.com\/de\/wp-json\/wp\/v2\/pages\/8111","targetHints":{"allow":["GET"]}}],"collection":[{"href":"https:\/\/career.aurelius-group.com\/de\/wp-json\/wp\/v2\/pages"}],"about":[{"href":"https:\/\/career.aurelius-group.com\/de\/wp-json\/wp\/v2\/types\/page"}],"author":[{"embeddable":true,"href":"https:\/\/career.aurelius-group.com\/de\/wp-json\/wp\/v2\/users\/3"}],"replies":[{"embeddable":true,"href":"https:\/\/career.aurelius-group.com\/de\/wp-json\/wp\/v2\/comments?post=8111"}],"version-history":[{"count":0,"href":"https:\/\/career.aurelius-group.com\/de\/wp-json\/wp\/v2\/pages\/8111\/revisions"}],"up":[{"embeddable":true,"href":"https:\/\/career.aurelius-group.com\/de\/wp-json\/wp\/v2\/pages\/8106"}],"wp:attachment":[{"href":"https:\/\/career.aurelius-group.com\/de\/wp-json\/wp\/v2\/media?parent=8111"}],"curies":[{"name":"wp","href":"https:\/\/api.w.org\/{rel}","templated":true}]}}