{"id":8102,"date":"2023-10-26T13:37:29","date_gmt":"2023-10-26T13:37:29","guid":{"rendered":"https:\/\/aureliuscareer.wpenginepowered.com\/corporate-support-functions\/people-stories\/"},"modified":"2026-04-08T11:23:46","modified_gmt":"2026-04-08T11:23:46","slug":"people-stories","status":"publish","type":"page","link":"https:\/\/career.aurelius-group.com\/de\/corporate-support-functions\/people-stories\/","title":{"rendered":"People Stories"},"content":{"rendered":"\n<section class=\"page--heading\" data-scroll=\"\">\n    <div class=\"holder\">\n            <\/div>\n<\/section>\n\n<section class=\"content-block caseStudy--col\">\n    <div class=\"holder\">\n        <div class=\"news--wrapper ctal-item--container\">\n                                                                    <div class=\"news grid__items slide-up\" data-scroll=\"\">\n                        <a href=\"https:\/\/career.aurelius-group.com\/de\/people-story\/jonathan-yong\/\">\n                            <div class=\"news__img\">\n                                                                    <div class=\"news__img_bg\" style=\"background-image: url(https:\/\/career.aurelius-group.com\/wp-content\/uploads\/2024\/01\/shutterstock_1834093705-scaled-22.jpg);\">\n                                    <\/div>\n\n                                \n                                <div class=\"news__img_bg-logo\">\n                                    <img decoding=\"async\" src=\"https:\/\/career.aurelius-group.com\/wp-content\/uploads\/2023\/11\/johnathan_yong.png\" alt=\"\">\n                                <\/div>\n                            <\/div><!-- \/.news__img -->\n\n\n                            <div class=\"news__desc\">\n\n                                <h3 class=\"section--title\">Jonathan Yong<\/h3>\n                                <p>Die Arbeit bei AURELIUS hat es mir erm\u00f6glicht, meine F\u00e4higkeiten sowohl als Jurist als auch als Private Equity-Experte zu erweitern und auszubauen.<\/p>\n\n                                <span class=\"btn\" href=\"https:\/\/career.aurelius-group.com\/de\/people-story\/jonathan-yong\/\">\n                                    Mehr erfahren                                    <svg xmlns=\"http:\/\/www.w3.org\/2000\/svg\" width=\"9\" height=\"15\" viewBox=\"0 0 9 15\" fill=\"none\">\n                                        <path fill-rule=\"evenodd\" clip-rule=\"evenodd\" d=\"M0.753781 14.569C1.01802 14.8333 1.45851 14.8333 1.72274 14.569L8.30731 7.98447C8.4174 7.87437 8.4835 7.69818 8.50549 7.52199L8.50549 7.45599C8.48349 7.27979 8.4174 7.12566 8.30731 7.01556L1.72274 0.430992C1.45851 0.166757 1.01802 0.166757 0.753783 0.430992C0.467491 0.695227 0.467491 1.13572 0.753782 1.42195L6.83182 7.49999L0.753781 13.578C0.46749 13.8423 0.46749 14.3047 0.753781 14.569L0.753781 14.569Z\" fill=\"#23753B\" \/>\n                                    <\/svg>\n\n                                <\/span>\n                            <\/div>\n                        <\/a>\n                    <\/div><!-- \/.news -->\n                                                        <div class=\"news grid__items slide-up\" data-scroll=\"\">\n                        <a href=\"https:\/\/career.aurelius-group.com\/de\/people-story\/marisa-brinkmann\/\">\n                            <div class=\"news__img\">\n                                                                    <div class=\"news__img_bg\" style=\"background-image: url(https:\/\/career.aurelius-group.com\/wp-content\/uploads\/2024\/01\/shutterstock_1834093705-scaled-2-Large.jpeg);\">\n                                    <\/div>\n\n                                \n                                <div class=\"news__img_bg-logo\">\n                                    <img decoding=\"async\" src=\"https:\/\/career.aurelius-group.com\/wp-content\/uploads\/2026\/03\/Marisa-Brinkmann.jpg\" alt=\"\">\n                                <\/div>\n                            <\/div><!-- \/.news__img -->\n\n\n                            <div class=\"news__desc\">\n\n                                <h3 class=\"section--title\">Marisa Brinkmann<\/h3>\n                                <p>Die Menschen und die Mentalit\u00e4t: Nichts ist unm\u00f6glich. Herausforderungen werden als Chancen gesehen, nicht als Hindernis. Ich gehe jeden Tag gerne ins B\u00fcro \u2013 es wird viel geschafft und viel gelacht.<\/p>\n\n                                <span class=\"btn\" href=\"https:\/\/career.aurelius-group.com\/de\/people-story\/marisa-brinkmann\/\">\n                                    Mehr erfahren                                    <svg xmlns=\"http:\/\/www.w3.org\/2000\/svg\" width=\"9\" height=\"15\" viewBox=\"0 0 9 15\" fill=\"none\">\n                                        <path fill-rule=\"evenodd\" clip-rule=\"evenodd\" d=\"M0.753781 14.569C1.01802 14.8333 1.45851 14.8333 1.72274 14.569L8.30731 7.98447C8.4174 7.87437 8.4835 7.69818 8.50549 7.52199L8.50549 7.45599C8.48349 7.27979 8.4174 7.12566 8.30731 7.01556L1.72274 0.430992C1.45851 0.166757 1.01802 0.166757 0.753783 0.430992C0.467491 0.695227 0.467491 1.13572 0.753782 1.42195L6.83182 7.49999L0.753781 13.578C0.46749 13.8423 0.46749 14.3047 0.753781 14.569L0.753781 14.569Z\" fill=\"#23753B\" \/>\n                                    <\/svg>\n\n                                <\/span>\n                            <\/div>\n                        <\/a>\n                    <\/div><!-- \/.news -->\n                                                        <div class=\"news grid__items slide-up\" data-scroll=\"\">\n                        <a href=\"https:\/\/career.aurelius-group.com\/de\/people-story\/svenja-wilfert\/\">\n                            <div class=\"news__img\">\n                                                                    <div class=\"news__img_bg\" style=\"background-image: url(https:\/\/career.aurelius-group.com\/wp-content\/uploads\/2024\/01\/shutterstock_1834093705-scaled-22.jpg);\">\n                                    <\/div>\n\n                                \n                                <div class=\"news__img_bg-logo\">\n                                    <img decoding=\"async\" src=\"https:\/\/career.aurelius-group.com\/wp-content\/uploads\/2024\/01\/Svenja-Wilfert-min-scaled.jpg\" alt=\"\">\n                                <\/div>\n                            <\/div><!-- \/.news__img -->\n\n\n                            <div class=\"news__desc\">\n\n                                <h3 class=\"section--title\">Svenja Wilfert<\/h3>\n                                <p>Das Streben danach, sich gegenseitig f\u00fcr bestm\u00f6gliche Ergebnisse und Erfolg zu unterst\u00fctzen und als ein Team zu arbeiten &#8211; &#8222;ein Team, ein Ziel&#8220;.<\/p>\n\n                                <span class=\"btn\" href=\"https:\/\/career.aurelius-group.com\/de\/people-story\/svenja-wilfert\/\">\n                                    Mehr erfahren                                    <svg xmlns=\"http:\/\/www.w3.org\/2000\/svg\" width=\"9\" height=\"15\" viewBox=\"0 0 9 15\" fill=\"none\">\n                                        <path fill-rule=\"evenodd\" clip-rule=\"evenodd\" d=\"M0.753781 14.569C1.01802 14.8333 1.45851 14.8333 1.72274 14.569L8.30731 7.98447C8.4174 7.87437 8.4835 7.69818 8.50549 7.52199L8.50549 7.45599C8.48349 7.27979 8.4174 7.12566 8.30731 7.01556L1.72274 0.430992C1.45851 0.166757 1.01802 0.166757 0.753783 0.430992C0.467491 0.695227 0.467491 1.13572 0.753782 1.42195L6.83182 7.49999L0.753781 13.578C0.46749 13.8423 0.46749 14.3047 0.753781 14.569L0.753781 14.569Z\" fill=\"#23753B\" \/>\n                                    <\/svg>\n\n                                <\/span>\n                            <\/div>\n                        <\/a>\n                    <\/div><!-- \/.news -->\n                                                        <div class=\"news grid__items slide-up\" data-scroll=\"\">\n                        <a href=\"https:\/\/career.aurelius-group.com\/de\/people-story\/akash-gulati\/\">\n                            <div class=\"news__img\">\n                                                                    <div class=\"news__img_bg\" style=\"background-image: url(https:\/\/career.aurelius-group.com\/wp-content\/uploads\/2024\/01\/shutterstock_1834093705-scaled-2-Large.jpeg);\">\n                                    <\/div>\n\n                                \n                                <div class=\"news__img_bg-logo\">\n                                    <img decoding=\"async\" src=\"https:\/\/career.aurelius-group.com\/wp-content\/uploads\/2024\/01\/Akash-Gulati.jpg\" alt=\"\">\n                                <\/div>\n                            <\/div><!-- \/.news__img -->\n\n\n                            <div class=\"news__desc\">\n\n                                <h3 class=\"section--title\">Akash Gulati<\/h3>\n                                <p>Kein Tag ist wie der andere, was nicht zuletzt an der Vielfalt der Unternehmen liegt, die wir pr\u00fcfen &#8211; sowohl hinsichtlich der Branche als auch der Performance.<\/p>\n\n                                <span class=\"btn\" href=\"https:\/\/career.aurelius-group.com\/de\/people-story\/akash-gulati\/\">\n                                    Mehr erfahren                                    <svg xmlns=\"http:\/\/www.w3.org\/2000\/svg\" width=\"9\" height=\"15\" viewBox=\"0 0 9 15\" fill=\"none\">\n                                        <path fill-rule=\"evenodd\" clip-rule=\"evenodd\" d=\"M0.753781 14.569C1.01802 14.8333 1.45851 14.8333 1.72274 14.569L8.30731 7.98447C8.4174 7.87437 8.4835 7.69818 8.50549 7.52199L8.50549 7.45599C8.48349 7.27979 8.4174 7.12566 8.30731 7.01556L1.72274 0.430992C1.45851 0.166757 1.01802 0.166757 0.753783 0.430992C0.467491 0.695227 0.467491 1.13572 0.753782 1.42195L6.83182 7.49999L0.753781 13.578C0.46749 13.8423 0.46749 14.3047 0.753781 14.569L0.753781 14.569Z\" fill=\"#23753B\" \/>\n                                    <\/svg>\n\n                                <\/span>\n                            <\/div>\n                        <\/a>\n                    <\/div><!-- \/.news -->\n                                                        <div class=\"news grid__items slide-up\" data-scroll=\"\">\n                        <a href=\"https:\/\/career.aurelius-group.com\/de\/people-story\/mark-zimmermann\/\">\n                            <div class=\"news__img\">\n                                                                    <div class=\"news__img_bg\" style=\"background-image: url(https:\/\/career.aurelius-group.com\/wp-content\/uploads\/2024\/01\/shutterstock_1834093705-scaled-2.2-Large.jpeg);\">\n                                    <\/div>\n\n                                \n                                <div class=\"news__img_bg-logo\">\n                                    <img decoding=\"async\" src=\"https:\/\/career.aurelius-group.com\/wp-content\/uploads\/2024\/01\/Mark-Zimmermann.jpg\" alt=\"\">\n                                <\/div>\n                            <\/div><!-- \/.news__img -->\n\n\n                            <div class=\"news__desc\">\n\n                                <h3 class=\"section--title\">Mark Zimmermann<\/h3>\n                                <p>Man sp\u00fcrt f\u00f6rmlich den Ehrgeiz, Dinge voranzubringen und das gro\u00dfe Ganze zu sehen.<\/p>\n\n                                <span class=\"btn\" href=\"https:\/\/career.aurelius-group.com\/de\/people-story\/mark-zimmermann\/\">\n                                    Mehr erfahren                                    <svg xmlns=\"http:\/\/www.w3.org\/2000\/svg\" width=\"9\" height=\"15\" viewBox=\"0 0 9 15\" fill=\"none\">\n                                        <path fill-rule=\"evenodd\" clip-rule=\"evenodd\" d=\"M0.753781 14.569C1.01802 14.8333 1.45851 14.8333 1.72274 14.569L8.30731 7.98447C8.4174 7.87437 8.4835 7.69818 8.50549 7.52199L8.50549 7.45599C8.48349 7.27979 8.4174 7.12566 8.30731 7.01556L1.72274 0.430992C1.45851 0.166757 1.01802 0.166757 0.753783 0.430992C0.467491 0.695227 0.467491 1.13572 0.753782 1.42195L6.83182 7.49999L0.753781 13.578C0.46749 13.8423 0.46749 14.3047 0.753781 14.569L0.753781 14.569Z\" fill=\"#23753B\" \/>\n                                    <\/svg>\n\n                                <\/span>\n                            <\/div>\n                        <\/a>\n                    <\/div><!-- \/.news -->\n                                            \n\n\n        <\/div><!-- \/.news--block -->\n        <!-- <div class=\"btn--block\">\n            <a href=\"#\" class=\"btn load-more\">Load More<svg xmlns=\"http:\/\/www.w3.org\/2000\/svg\" width=\"9\" height=\"15\"\n                    viewBox=\"0 0 9 15\" fill=\"none\">\n                    <path fill-rule=\"evenodd\" clip-rule=\"evenodd\"\n                        d=\"M0.753781 14.569C1.01802 14.8333 1.45851 14.8333 1.72274 14.569L8.30731 7.98447C8.4174 7.87437 8.4835 7.69818 8.50549 7.52199L8.50549 7.45599C8.48349 7.27979 8.4174 7.12566 8.30731 7.01556L1.72274 0.430992C1.45851 0.166757 1.01802 0.166757 0.753783 0.430992C0.467491 0.695227 0.467491 1.13572 0.753782 1.42195L6.83182 7.49999L0.753781 13.578C0.46749 13.8423 0.46749 14.3047 0.753781 14.569L0.753781 14.569Z\"\n                        fill=\"#23753B\" \/>\n                <\/svg><\/a>\n        <\/div> -->\n    <\/div>\n<\/section>","protected":false},"excerpt":{"rendered":"","protected":false},"author":3,"featured_media":0,"parent":8096,"menu_order":62,"comment_status":"closed","ping_status":"closed","template":"","meta":{"_acf_changed":true,"inline_featured_image":false,"footnotes":""},"class_list":["post-8102","page","type-page","status-publish","hentry"],"acf":[],"_links":{"self":[{"href":"https:\/\/career.aurelius-group.com\/de\/wp-json\/wp\/v2\/pages\/8102","targetHints":{"allow":["GET"]}}],"collection":[{"href":"https:\/\/career.aurelius-group.com\/de\/wp-json\/wp\/v2\/pages"}],"about":[{"href":"https:\/\/career.aurelius-group.com\/de\/wp-json\/wp\/v2\/types\/page"}],"author":[{"embeddable":true,"href":"https:\/\/career.aurelius-group.com\/de\/wp-json\/wp\/v2\/users\/3"}],"replies":[{"embeddable":true,"href":"https:\/\/career.aurelius-group.com\/de\/wp-json\/wp\/v2\/comments?post=8102"}],"version-history":[{"count":0,"href":"https:\/\/career.aurelius-group.com\/de\/wp-json\/wp\/v2\/pages\/8102\/revisions"}],"up":[{"embeddable":true,"href":"https:\/\/career.aurelius-group.com\/de\/wp-json\/wp\/v2\/pages\/8096"}],"wp:attachment":[{"href":"https:\/\/career.aurelius-group.com\/de\/wp-json\/wp\/v2\/media?parent=8102"}],"curies":[{"name":"wp","href":"https:\/\/api.w.org\/{rel}","templated":true}]}}