{"id":8099,"date":"2023-10-26T14:12:07","date_gmt":"2023-10-26T14:12:07","guid":{"rendered":"https:\/\/aureliuscareer.wpenginepowered.com\/corporate-support-functions\/career-development\/"},"modified":"2024-03-06T10:50:43","modified_gmt":"2024-03-06T10:50:43","slug":"karriere","status":"publish","type":"page","link":"https:\/\/career.aurelius-group.com\/de\/corporate-support-functions\/karriere\/","title":{"rendered":"Karriere"},"content":{"rendered":"\n<section class=\"textBlock-Wrap\"\n    id=\"\" data-scroll=\"\">\n\n    \n    <div class=\"holder \">\n       \n        <div class=\"text--block slide-up\">\n\n                                                           \n                        <div class=\"text--block__title text-center\"> \n                                <h2 class=\"fullLine\">Dein Support \u2013 ein Hebel f\u00fcr Ver\u00e4nderung.<\/h2>\n                            <\/div>\n                                            \n                            <div class=\"text--block__desc\">\n                                <p>Ganz gleich, ob du als Berufseinsteiger oder erfahrener Manager im Bereich Support Functions startest: du wirst AURELIUS an zentraler Stelle unterst\u00fctzen und t\u00e4glich Entscheidungen treffen, die die Effizienz steigern, Risiken reduzieren und Werte schaffen. Wir bieten dir die M\u00f6glichkeit, an einer Vielzahl interessanter Aufgaben zu arbeiten, schnell Neues zu lernen und zunehmend mehr Verantwortung zu \u00fcbernehmen, damit du dein volles Potenzial entfalten kannst. Dein innovativer Blick auf die Dinge wird AURELIUS helfen, weiter zu wachsen, und auch du wirst dich auf pers\u00f6nlicher und beruflicher Ebene weiterentwickeln.<\/p>\n                            <\/div>\n\n                    <\/div>\n    <\/div>\n<\/section>\n<!-- ============= End of \/.textBlock--wrap =============== -->\n\n \n <section class=\"textImg--wrapper  slide-up\" data-scroll=\"\"\n     id=\"\"\n     style=\"background-color: ;\">\n\n     <div class=\"holder\">\n\n         <div class=\"textImg imgRight\">\n\n                          <div class=\"textImg__img\">\n                 <img decoding=\"async\" src=\"https:\/\/career.aurelius-group.com\/wp-content\/uploads\/2024\/01\/Support-career-3-e1705959171385.png\" alt=\"\" \/>\n             <\/div><!-- \/.textImg__img -->\n             \n             <div class=\"textImg__desc\" data-scroll=\"\">\n\n                                                   <h2 class=\"block--title fullLine\">Dein Karrierepfad<\/h2>\n                 \n                 <div class=\"textImg__desc_text\">\n                                          <p>Wie schnell du bei AURELIUS vorankommst und welches Level du anstrebst, h\u00e4ngt ganz von dir ab und ist eine Frage der Leistung. Wir begleiten dich auf dem Weg zu deinen beruflichen Zielen.<\/p>\n                     \n                     <div class=\"btn--block\">\n                                              <\/div>\n                 <\/div>\n\n             <\/div><!-- \/.textImg__desc -->\n\n         <\/div><!-- \/.textImg -->\n\n     <\/div>\n <\/section>\n <!-- ============= End of \/.textImg--wrap =============== -->","protected":false},"excerpt":{"rendered":"","protected":false},"author":3,"featured_media":0,"parent":8096,"menu_order":42,"comment_status":"closed","ping_status":"closed","template":"","meta":{"_acf_changed":true,"inline_featured_image":false,"footnotes":""},"class_list":["post-8099","page","type-page","status-publish","hentry"],"acf":[],"_links":{"self":[{"href":"https:\/\/career.aurelius-group.com\/de\/wp-json\/wp\/v2\/pages\/8099","targetHints":{"allow":["GET"]}}],"collection":[{"href":"https:\/\/career.aurelius-group.com\/de\/wp-json\/wp\/v2\/pages"}],"about":[{"href":"https:\/\/career.aurelius-group.com\/de\/wp-json\/wp\/v2\/types\/page"}],"author":[{"embeddable":true,"href":"https:\/\/career.aurelius-group.com\/de\/wp-json\/wp\/v2\/users\/3"}],"replies":[{"embeddable":true,"href":"https:\/\/career.aurelius-group.com\/de\/wp-json\/wp\/v2\/comments?post=8099"}],"version-history":[{"count":0,"href":"https:\/\/career.aurelius-group.com\/de\/wp-json\/wp\/v2\/pages\/8099\/revisions"}],"up":[{"embeddable":true,"href":"https:\/\/career.aurelius-group.com\/de\/wp-json\/wp\/v2\/pages\/8096"}],"wp:attachment":[{"href":"https:\/\/career.aurelius-group.com\/de\/wp-json\/wp\/v2\/media?parent=8099"}],"curies":[{"name":"wp","href":"https:\/\/api.w.org\/{rel}","templated":true}]}}