{"id":8071,"date":"2023-10-19T06:23:15","date_gmt":"2023-10-19T06:23:15","guid":{"rendered":"https:\/\/aureliuscareer.wpenginepowered.com\/life-at-aurelius\/people-development\/"},"modified":"2025-05-26T12:36:19","modified_gmt":"2025-05-26T12:36:19","slug":"entwicklung","status":"publish","type":"page","link":"https:\/\/career.aurelius-group.com\/de\/aurelius-als-arbeitgeber\/entwicklung\/","title":{"rendered":"Mitarbeiterentwicklung"},"content":{"rendered":"\n<section class=\"textBlock-Wrap\"\n    id=\"\" data-scroll=\"\">\n\n    \n    <div class=\"holder \">\n       \n        <div class=\"text--block slide-up\">\n\n                                                           \n                        <div class=\"text--block__title text-center\"> \n                                <h2 class=\"fullLine\">AURELIUS entwickelt und f\u00f6rdert Spezialisten f\u00fcr Unternehmens- und Asset-Transformationen<\/h2>\n                            <\/div>\n                                            \n                            <div class=\"text--block__desc\">\n                                <p style=\"text-align: center;\">Durch unsere unternehmerische Kultur unterst\u00fctzen wir unsere Besch\u00e4ftigten dabei, sich im Laufe ihrer Karriere st\u00e4ndig weiterzuentwickeln. Dabei verfolgt die AURELIUS ACADEMY keinen einheitlichen Ansatz f\u00fcr die berufliche Entwicklung, denn wir sind vielf\u00e4ltig und in den Bereichen Investment Advisory, AURELIUS WaterRise und Support Functions t\u00e4tig. Deshalb konzentrieren wir uns auf die individuellen Bed\u00fcrfnisse der einzelnen Teammitglieder und teilen unsere Motivation und unser Wissen mit dem gesamten Team.<\/p>\n                            <\/div>\n\n                    <\/div>\n    <\/div>\n<\/section>\n<!-- ============= End of \/.textBlock--wrap =============== -->\n\n    \n <section class=\"perks--wrapper \">\n    <div class=\"holder\" data-scroll=\"\">\n         \n        <div class=\"swiper perksSlider\">\n            <div class=\"swiper-wrapper\">\n\n\n\n                                                <div class=\"swiper-slide slide-up\">\n                    <!-- <div class=\"perksWrap\"> -->\n                    <div class=\"perksWrap__item\">\n                                                <div class=\"perksWrap__item-img\">\n                            <img decoding=\"async\" src=\"https:\/\/career.aurelius-group.com\/wp-content\/uploads\/2023\/10\/Group-1757.png\"\n                                alt=\"\" \/>\n                        <\/div>\n                        \n                        <div class=\"perksWrap__item-desc\">\n                                                        <h3>AURELIUS ACADEMY<\/h3>\n                            \n                                                        <p>In unserer AURELIUS ACADEMY unterst\u00fctzen wir die Besch\u00e4ftigten durch eine Kombination aus externen und internen Schulungen und durch den Einsatz ganzheitlicher Tools. Au\u00dferdem legen wir Wert auf den Wissensaustausch zur Verbesserung der t\u00e4glichen Arbeit.<\/p>\n<p>Dar\u00fcber hinaus bieten wir tiefe Einblicke in die verschiedenen Leistungen und Angebote von AURELIUS und f\u00f6rdern so die Zusammenarbeit zwischen den verschiedenen Unternehmensbereichen und -funktionen.<\/p>\n<p>Auch Teambuilding-Ma\u00dfnahmen und interne Challenges werden Teil deines pers\u00f6nlichen Entwicklungsprozesses sein.<\/p>\n                                                    <\/div>\n                    <\/div>\n                    <!-- <\/div> -->\n\n                <\/div>\n                                <div class=\"swiper-slide slide-up\">\n                    <!-- <div class=\"perksWrap\"> -->\n                    <div class=\"perksWrap__item\">\n                                                <div class=\"perksWrap__item-img\">\n                            <img decoding=\"async\" src=\"https:\/\/career.aurelius-group.com\/wp-content\/uploads\/2023\/10\/Group-1757.png\"\n                                alt=\"\" \/>\n                        <\/div>\n                        \n                        <div class=\"perksWrap__item-desc\">\n                                                        <h3>Regelm\u00e4\u00dfige Reviews<\/h3>\n                            \n                                                        <p>AURELIUS bietet dir das ganze Jahr \u00fcber die M\u00f6glichkeit regelm\u00e4\u00dfiger Check-ins.<\/p>\n<p>Leistungsbeurteilungen, Vorschl\u00e4ge, Bef\u00f6rderungen, Trainings, Transfers: All das wird von unserem Year-End-Process (YEP) abgedeckt. Er findet in enger Abstimmung mit verschiedenen Ansprechpersonen und der Personalabteilung sowie mit den jeweiligen F\u00fchrungskr\u00e4ften statt.<\/p>\n                                                    <\/div>\n                    <\/div>\n                    <!-- <\/div> -->\n\n                <\/div>\n                                <div class=\"swiper-slide slide-up\">\n                    <!-- <div class=\"perksWrap\"> -->\n                    <div class=\"perksWrap__item\">\n                                                <div class=\"perksWrap__item-img\">\n                            <img decoding=\"async\" src=\"https:\/\/career.aurelius-group.com\/wp-content\/uploads\/2023\/10\/Group-1757.png\"\n                                alt=\"\" \/>\n                        <\/div>\n                        \n                        <div class=\"perksWrap__item-desc\">\n                                                        <h3>Mentoring<\/h3>\n                            \n                                                        <p>In bestimmten Bereichen wie AURELIUS WaterRise bieten wir ein Mentoring-Programm an, das dir helfen wird, deine pers\u00f6nliche Karriere bestm\u00f6glich voranzutreiben.<\/p>\n<p>Ein Mentor oder eine Mentorin hilft dir dabei, dich optimal einzuleben, und dient nicht nur als dein erster Ansprech-\/Sparringspartner, sondern neben dem Managing Director auch als dein \u201ezweiter Anker\u201c in der AURELIUS-Welt.<\/p>\n                                                    <\/div>\n                    <\/div>\n                    <!-- <\/div> -->\n\n                <\/div>\n                                <div class=\"swiper-slide slide-up\">\n                    <!-- <div class=\"perksWrap\"> -->\n                    <div class=\"perksWrap__item\">\n                                                <div class=\"perksWrap__item-img\">\n                            <img decoding=\"async\" src=\"https:\/\/career.aurelius-group.com\/wp-content\/uploads\/2023\/10\/Group-1757.png\"\n                                alt=\"\" \/>\n                        <\/div>\n                        \n                        <div class=\"perksWrap__item-desc\">\n                                                        <h3>Coaching<\/h3>\n                            \n                                                        <p>Wir sind davon \u00fcberzeugt, dass Coaching das beste und nachhaltigste Mittel zur individuellen Weiterentwicklung ist. Deshalb unterst\u00fctzen wir unsere Mitarbeitenden bei Bedarf mit individuellen Coaching-Angeboten.<\/p>\n                                                    <\/div>\n                    <\/div>\n                    <!-- <\/div> -->\n\n                <\/div>\n                                \n\n\n\n            <\/div>\n\n            <div class=\"swiper-controls\">\n                <div class=\"swiper-controls__navigation\">\n                    <div class=\"swiper-button-previous perksSlider-prev\">\n                        <svg xmlns=\"http:\/\/www.w3.org\/2000\/svg\" width=\"36\" height=\"12\" viewBox=\"0 0 36 12\" fill=\"none\">\n                            <path\n                                d=\"M31 5.36832L2.50281 5.36832L6.61727 1.39319L5.69277 0.499998L-1.42652e-06 6L5.69277 11.5L6.61727 10.6068L2.50281 6.63167L31 6.63168L31 5.36832Z\"\n                                fill=\"#23753B\" \/>\n                        <\/svg>\n                    <\/div>\n\n                    <div class=\"swiper-button-next perksSlider-next\">\n                        <svg xmlns=\"http:\/\/www.w3.org\/2000\/svg\" width=\"31\" height=\"11\" viewBox=\"0 0 31 11\" fill=\"none\">\n                            <path\n                                d=\"M0 6.13168H28.4972L24.3827 10.1068L25.3072 11L31 5.5L25.3072 0L24.3827 0.89319L28.4972 4.86832H0V6.13168Z\"\n                                fill=\"#23753B\" \/>\n                        <\/svg>\n                    <\/div>\n                <\/div>\n\n                <div class=\"swiper-controls__progress\">\n                    <div class=\"swiper-pagination perksSlider-progress\"><\/div>\n                <\/div>\n            <\/div><!-- \/.swiper-controls -->\n\n        <\/div><!-- \/.statsSlider -->\n    <\/div>\n<\/section>\n\n\n<section class=\"midMarketQuote view-content\"\n    id=\"\" data-scroll=\"\">\n    <div class=\"holder\">\n        <div class=\"quoteBlock--wrapper\">\n\n            <blockquote>\n                                                <p>Um erfolgreich zu sein, muss man auf dem Laufenden bleiben. Deshalb investieren wir kontinuierlich in die Entwicklung unserer Besch\u00e4ftigten. Im Jahr 2022 haben wir die AURELIUS ACADEMY ins Leben gerufen, die wir kontinuierlich ausbauen und weiterentwickeln.<\/p>\n                \n                <cite>                    <p>Anke Hartmann, Managing Director Human Resources<\/p>\n                                    <\/cite>\n            <\/blockquote>\n\n        <\/div>\n    <\/div>\n<\/section>","protected":false},"excerpt":{"rendered":"","protected":false},"author":3,"featured_media":0,"parent":8061,"menu_order":53,"comment_status":"closed","ping_status":"closed","template":"","meta":{"_acf_changed":true,"inline_featured_image":false,"footnotes":""},"class_list":["post-8071","page","type-page","status-publish","hentry"],"acf":[],"_links":{"self":[{"href":"https:\/\/career.aurelius-group.com\/de\/wp-json\/wp\/v2\/pages\/8071","targetHints":{"allow":["GET"]}}],"collection":[{"href":"https:\/\/career.aurelius-group.com\/de\/wp-json\/wp\/v2\/pages"}],"about":[{"href":"https:\/\/career.aurelius-group.com\/de\/wp-json\/wp\/v2\/types\/page"}],"author":[{"embeddable":true,"href":"https:\/\/career.aurelius-group.com\/de\/wp-json\/wp\/v2\/users\/3"}],"replies":[{"embeddable":true,"href":"https:\/\/career.aurelius-group.com\/de\/wp-json\/wp\/v2\/comments?post=8071"}],"version-history":[{"count":0,"href":"https:\/\/career.aurelius-group.com\/de\/wp-json\/wp\/v2\/pages\/8071\/revisions"}],"up":[{"embeddable":true,"href":"https:\/\/career.aurelius-group.com\/de\/wp-json\/wp\/v2\/pages\/8061"}],"wp:attachment":[{"href":"https:\/\/career.aurelius-group.com\/de\/wp-json\/wp\/v2\/media?parent=8071"}],"curies":[{"name":"wp","href":"https:\/\/api.w.org\/{rel}","templated":true}]}}