{"id":8065,"date":"2023-10-19T06:13:04","date_gmt":"2023-10-19T06:13:04","guid":{"rendered":"https:\/\/aureliuscareer.wpenginepowered.com\/company-culture\/"},"modified":"2024-03-07T14:35:04","modified_gmt":"2024-03-07T14:35:04","slug":"company-culture","status":"publish","type":"page","link":"https:\/\/career.aurelius-group.com\/de\/company-culture\/","title":{"rendered":"Unternehmenskultur"},"content":{"rendered":"\n<section class=\"textBlock-Wrap\"\n    id=\"\" data-scroll=\"\">\n\n    \n    <div class=\"holder \">\n       \n        <div class=\"text--block slide-up\">\n\n                            <div class=\"text--block__desc\">\n                                <p>Die Unternehmenskultur von AURELIUS zeichnet sich durch unternehmerisches Denken sowie einen pragmatischen, praxisorientierten Ansatz aus. Diese Herangehensweise f\u00f6rdert Zusammenarbeit, Agilit\u00e4t und au\u00dferordentlich flache Hierarchien.<\/p>\n<p>Um Unternehmen und Assets zu transformieren, setzt AURELIUS auf Pers\u00f6nlichkeiten, die selbst unternehmerisch agieren k\u00f6nnen und starke Teamplayer sind. Wir sind davon \u00fcberzeugt, dass jeder im Team seinen eigenen Standpunkt vertreten sollte, und sch\u00e4tzen alle, die f\u00fcr die eigene Meinung eintreten, selbst wenn das bedeutet, einen Gegenstandpunkt einzunehmen.<\/p>\n<p><span class=\"ui-provider a b c d e f g h i j k l m n o p q r s t u v w x y z ab ac ae af ag ah ai aj ak\" dir=\"ltr\">AURELIUS ist von einer Unternehmenskultur gepr\u00e4gt, deren Fokus auf pers\u00f6nlicher Leistung statt auf Hierarchien liegt. Eigenverantwortung ist uns sehr wichtig.<\/span> Wir f\u00f6rdern die teaminterne und -\u00fcbergreifende Zusammenarbeit und geben unseren Besch\u00e4ftigten so viel operativen Freiraum wie m\u00f6glich. Gleichzeitig unterst\u00fctzen wir uns gegenseitig bei allen Herausforderungen.<\/p>\n<p>Unsere Teams arbeiten in verschiedenen Gesch\u00e4ftsbereichen von Standorten auf der ganzen Welt aus. Deshalb f\u00f6rdern wir aktiv den Zusammenhalt und die Vernetzung unserer Mitarbeitenden, indem wir f\u00fcr sie Events wie Ski-Trip, traditionelle Sommer- und Weihnachtsfeiern und bereichsspezifische Veranstaltungen wie etwa unser Operations Managers Meeting organisieren. Diese Events spielen eine zentrale Rolle in unserer Unternehmenskultur und tragen dazu bei, die Zusammenarbeit auf allen Ebenen von AURELIUS zu f\u00f6rdern.<\/p>\n<p>&nbsp;<\/p>\n<h3 style=\"text-align: center;\"><strong>Neu bei AURELIUS?<\/strong> <strong>Wir unterst\u00fctzen dich von Beginn an.<\/strong><\/h3>\n<h3 style=\"text-align: center;\"><strong>Deine ersten Tage bei uns:<\/strong><\/h3>\n                            <\/div>\n\n                    <\/div>\n    <\/div>\n<\/section>\n<!-- ============= End of \/.textBlock--wrap =============== -->\n\n<section class=\"two-col-block\">\n    <div class=\"holder\">\n        <div class=\"textContent-col\">\n                                    <div class=\"textContent-col_text\">\n                                <h3>Pre-Onboarding<\/h3>\n                                                <p>Die Personalabteilung setzt sich vier Wochen im Voraus mit dir in Verbindung, um die ersten administrativen Fragen zu kl\u00e4ren (Informationen f\u00fcr die Gehaltsabrechnung, zum Vertrag, zur ben\u00f6tigten B\u00fcroausstattung usw.)<\/p>\n                \n            <\/div>\n                        <div class=\"textContent-col_text\">\n                                <h3>HR-Onboarding<\/h3>\n                                                <p>Bei einem \u201eWillkommen-an-Bord\u201c-Meeting wirst du alles erfahren, was f\u00fcr deinen Start und deine ersten Monate bei AURELIUS wichtig ist.<\/p>\n                \n            <\/div>\n                        <div class=\"textContent-col_text\">\n                                <h3>Team Onboarding<\/h3>\n                                                <p>Es geht los \u2013 aber mit einem Sparringspartner: Wir stellen dir deinen Buddy vor, der dir helfen wird, unsere Unternehmenskultur, unsere Arbeitsweise und die richtigen Ansprechpartner kennenzulernen.<\/p>\n                \n            <\/div>\n                        <div class=\"textContent-col_text\">\n                                <h3>Passt alles soweit?<\/h3>\n                                                <p>Nach drei Monaten triffst du dich wieder mit deiner F\u00fchrungskraft und der Personalabteilung, um Themen oder Fragen zu besprechen, die deine t\u00e4gliche Arbeit oder AURELIUS als Arbeitsgeber betreffen.<\/p>\n                \n            <\/div>\n                        \n        <\/div>\n\n\n    <\/div>\n<\/section>\n\n \n\n<section class=\"value--wrapper\">\n            <div class=\"holder\" data-scroll=\"\">\n                <div class=\"value--title\">\n                                    <h2 class=\"block--title fullLine\">Unsere Werte<\/h2>\n                                    \n                                    <p>Wir sind wertorientert.<\/p>\n                                    <\/p>\n                <\/div>\n\n                <div class=\"swiper valueSlider\">\n                    <div class=\"swiper-wrapper\">\n\n                                                                        <div class=\"swiper-slide\">\n                            <div class=\"value--item\">\n                                                                    <h3>Eigenverantwortung<\/h3>\n                                 \n                            <\/div>\n\n                        <\/div>\n                                                    <div class=\"swiper-slide\">\n                            <div class=\"value--item\">\n                                                                    <h3>Unternehmertum<\/h3>\n                                 \n                            <\/div>\n\n                        <\/div>\n                                                    <div class=\"swiper-slide\">\n                            <div class=\"value--item\">\n                                                                    <h3>Transformation<\/h3>\n                                 \n                            <\/div>\n\n                        <\/div>\n                                                    <div class=\"swiper-slide\">\n                            <div class=\"value--item\">\n                                                                    <h3>Pragmatismus<\/h3>\n                                 \n                            <\/div>\n\n                        <\/div>\n                                                    <div class=\"swiper-slide\">\n                            <div class=\"value--item\">\n                                                                    <h3>Erfahrung<\/h3>\n                                 \n                            <\/div>\n\n                        <\/div>\n                                                                    \n                        \n\n                    <\/div>\n                                        <div class=\"swiper-controls\">\n                        <div class=\"swiper-controls__navigation\">\n                            <div class=\"swiper-button-previous valueSlider-prev\">\n                                <svg xmlns=\"http:\/\/www.w3.org\/2000\/svg\" width=\"36\" height=\"12\" viewBox=\"0 0 36 12\"\n                                    fill=\"none\">\n                                    <path\n                                        d=\"M31 5.36832L2.50281 5.36832L6.61727 1.39319L5.69277 0.499998L-1.42652e-06 6L5.69277 11.5L6.61727 10.6068L2.50281 6.63167L31 6.63168L31 5.36832Z\"\n                                        fill=\"#23753B\" \/>\n                                <\/svg>\n                            <\/div>\n\n                            <div class=\"swiper-button-next valueSlider-next\">\n                                <svg xmlns=\"http:\/\/www.w3.org\/2000\/svg\" width=\"31\" height=\"11\" viewBox=\"0 0 31 11\"\n                                    fill=\"none\">\n                                    <path\n                                        d=\"M0 6.13168H28.4972L24.3827 10.1068L25.3072 11L31 5.5L25.3072 0L24.3827 0.89319L28.4972 4.86832H0V6.13168Z\"\n                                        fill=\"#23753B\" \/>\n                                <\/svg>\n                            <\/div>\n                        <\/div>\n\n                        <div class=\"swiper-controls__progress\">\n                            <div class=\"swiper-pagination valueSlider-progress\"><\/div>\n                        <\/div>\n                    <\/div><!-- \/.swiper-controls -->\n                      \n                <\/div><!-- \/.statsSlider -->\n            <\/div>\n        <\/section>\n\n\n\n<section class=\"people--storiesWrapper\">\n    <div class=\"holder\" data-scroll=\"\">\n        <div class=\"title--block \">\n                    <div class=\"title--block__title \">\n           <h2 class=\"block--title fullLine\"> People Stories<\/h2>\n            <\/div> \n                             <div class=\"title--block__btn\">\n                <a class=\"btn\" href=\"\/de\/aurelius-insights\/people-stories\/\" target=\"_self\">Mehr                    <svg xmlns=\"http:\/\/www.w3.org\/2000\/svg\" width=\"8\"\n                        height=\"15\" viewBox=\"0 0 8 15\" fill=\"none\">\n                        <path fill-rule=\"evenodd\" clip-rule=\"evenodd\"\n                            d=\"M0.215085 14.569C0.47932 14.8333 0.919809 14.8333 1.18404 14.569L7.76861 7.98447C7.8787 7.87437 7.9448 7.69818 7.9668 7.52199L7.9668 7.45599C7.9448 7.27979 7.8787 7.12566 7.76861 7.01556L1.18405 0.430992C0.919811 0.166757 0.479321 0.166757 0.215086 0.430992C-0.0712049 0.695227 -0.0712049 1.13572 0.215086 1.42195L6.29313 7.49999L0.215085 13.578C-0.071206 13.8423 -0.0712061 14.3047 0.215085 14.569L0.215085 14.569Z\"\n                            fill=\"#23753B\" \/>\n                    <\/svg><\/a>\n            <\/div>\n        \n                   \n        <\/div><!-- \/.title--block -->\n\n        <div class=\"swiper peopleSlider\">\n            <div class=\"swiper-wrapper\">\n\n                                                                    <div class=\"swiper-slide\" data-scroll=\"\">\n                    <div class=\"news grid__items slide-up\" data-scroll=\"\">\n                        <a href=\"https:\/\/career.aurelius-group.com\/de\/people-story\/jens_knoll\/\">\n                            <div class=\"news__img\">\n                                                             <div class=\"news__img_bg\"\n                                    style=\"background-image: url(https:\/\/career.aurelius-group.com\/wp-content\/uploads\/2024\/01\/shutterstock_1834093705-scaled-2-Large.jpeg);\">\n                                <\/div>\n                                    \n                                                               \n                                <div class=\"news__img_bg-logo\">\n                                    <img decoding=\"async\" src=\"https:\/\/career.aurelius-group.com\/wp-content\/uploads\/2023\/11\/jens_knoell.png\" alt=\"\">\n                                <\/div>\n                            <\/div><!-- \/.news__img -->\n\n                            <div class=\"news__desc\">\n\n                                <h3 class=\"section--title\">Jens Kn\u00f6ll<\/h3>\n                                 <p>Die operative Performance von Unternehmen zu steigern und dies in einem internationalen Umfeld zu erreichen, ist besonders bereichernd, wenn die Vorteile von multikulturellen und vielf\u00e4ltigen Teams zum Tragen kommen.<\/p>\n   \n                                <span class=\"btn\" href=\"https:\/\/career.aurelius-group.com\/de\/people-story\/jens_knoll\/\">\n                                   Mehr erfahren \n                                    <svg xmlns=\"http:\/\/www.w3.org\/2000\/svg\" width=\"9\" height=\"15\" viewBox=\"0 0 9 15\"\n                                        fill=\"none\">\n                                        <path fill-rule=\"evenodd\" clip-rule=\"evenodd\"\n                                            d=\"M0.753781 14.569C1.01802 14.8333 1.45851 14.8333 1.72274 14.569L8.30731 7.98447C8.4174 7.87437 8.4835 7.69818 8.50549 7.52199L8.50549 7.45599C8.48349 7.27979 8.4174 7.12566 8.30731 7.01556L1.72274 0.430992C1.45851 0.166757 1.01802 0.166757 0.753783 0.430992C0.467491 0.695227 0.467491 1.13572 0.753782 1.42195L6.83182 7.49999L0.753781 13.578C0.46749 13.8423 0.46749 14.3047 0.753781 14.569L0.753781 14.569Z\"\n                                            fill=\"#23753B\" \/>\n                                    <\/svg>\n\n                                <\/span>\n                            <\/div>\n                        <\/a>\n                    <\/div><!-- \/.news -->\n                <\/div>\n                                                        <div class=\"swiper-slide\" data-scroll=\"\">\n                    <div class=\"news grid__items slide-up\" data-scroll=\"\">\n                        <a href=\"https:\/\/career.aurelius-group.com\/de\/people-story\/jonathan-yong\/\">\n                            <div class=\"news__img\">\n                                                             <div class=\"news__img_bg\"\n                                    style=\"background-image: url(https:\/\/career.aurelius-group.com\/wp-content\/uploads\/2024\/01\/shutterstock_1834093705-scaled-22.jpg);\">\n                                <\/div>\n                                    \n                                                               \n                                <div class=\"news__img_bg-logo\">\n                                    <img decoding=\"async\" src=\"https:\/\/career.aurelius-group.com\/wp-content\/uploads\/2023\/11\/johnathan_yong.png\" alt=\"\">\n                                <\/div>\n                            <\/div><!-- \/.news__img -->\n\n                            <div class=\"news__desc\">\n\n                                <h3 class=\"section--title\">Jonathan Yong<\/h3>\n                                 <p>Die Arbeit bei AURELIUS hat es mir erm\u00f6glicht, meine F\u00e4higkeiten sowohl als Jurist als auch als Private Equity-Experte zu erweitern und auszubauen.<\/p>\n   \n                                <span class=\"btn\" href=\"https:\/\/career.aurelius-group.com\/de\/people-story\/jonathan-yong\/\">\n                                   Mehr erfahren \n                                    <svg xmlns=\"http:\/\/www.w3.org\/2000\/svg\" width=\"9\" height=\"15\" viewBox=\"0 0 9 15\"\n                                        fill=\"none\">\n                                        <path fill-rule=\"evenodd\" clip-rule=\"evenodd\"\n                                            d=\"M0.753781 14.569C1.01802 14.8333 1.45851 14.8333 1.72274 14.569L8.30731 7.98447C8.4174 7.87437 8.4835 7.69818 8.50549 7.52199L8.50549 7.45599C8.48349 7.27979 8.4174 7.12566 8.30731 7.01556L1.72274 0.430992C1.45851 0.166757 1.01802 0.166757 0.753783 0.430992C0.467491 0.695227 0.467491 1.13572 0.753782 1.42195L6.83182 7.49999L0.753781 13.578C0.46749 13.8423 0.46749 14.3047 0.753781 14.569L0.753781 14.569Z\"\n                                            fill=\"#23753B\" \/>\n                                    <\/svg>\n\n                                <\/span>\n                            <\/div>\n                        <\/a>\n                    <\/div><!-- \/.news -->\n                <\/div>\n                                                        <div class=\"swiper-slide\" data-scroll=\"\">\n                    <div class=\"news grid__items slide-up\" data-scroll=\"\">\n                        <a href=\"https:\/\/career.aurelius-group.com\/de\/people-story\/jonas-anochin\/\">\n                            <div class=\"news__img\">\n                                                             <div class=\"news__img_bg\"\n                                    style=\"background-image: url(https:\/\/career.aurelius-group.com\/wp-content\/uploads\/2024\/01\/shutterstock_1834093705-scaled-2.2-Large.jpeg);\">\n                                <\/div>\n                                    \n                                                               \n                                <div class=\"news__img_bg-logo\">\n                                    <img decoding=\"async\" src=\"https:\/\/career.aurelius-group.com\/wp-content\/uploads\/2024\/01\/jonas_anochin.png\" alt=\"\">\n                                <\/div>\n                            <\/div><!-- \/.news__img -->\n\n                            <div class=\"news__desc\">\n\n                                <h3 class=\"section--title\">Jonas Anochin<\/h3>\n                                 <p>Ich freue mich auf jede neue Woche \u2013 in dem Wissen, dass ich daran arbeiten werde, Unternehmen auf ihrem Wachstumskurs zu unterst\u00fctzen.<\/p>\n   \n                                <span class=\"btn\" href=\"https:\/\/career.aurelius-group.com\/de\/people-story\/jonas-anochin\/\">\n                                   Mehr erfahren \n                                    <svg xmlns=\"http:\/\/www.w3.org\/2000\/svg\" width=\"9\" height=\"15\" viewBox=\"0 0 9 15\"\n                                        fill=\"none\">\n                                        <path fill-rule=\"evenodd\" clip-rule=\"evenodd\"\n                                            d=\"M0.753781 14.569C1.01802 14.8333 1.45851 14.8333 1.72274 14.569L8.30731 7.98447C8.4174 7.87437 8.4835 7.69818 8.50549 7.52199L8.50549 7.45599C8.48349 7.27979 8.4174 7.12566 8.30731 7.01556L1.72274 0.430992C1.45851 0.166757 1.01802 0.166757 0.753783 0.430992C0.467491 0.695227 0.467491 1.13572 0.753782 1.42195L6.83182 7.49999L0.753781 13.578C0.46749 13.8423 0.46749 14.3047 0.753781 14.569L0.753781 14.569Z\"\n                                            fill=\"#23753B\" \/>\n                                    <\/svg>\n\n                                <\/span>\n                            <\/div>\n                        <\/a>\n                    <\/div><!-- \/.news -->\n                <\/div>\n                                                        <div class=\"swiper-slide\" data-scroll=\"\">\n                    <div class=\"news grid__items slide-up\" data-scroll=\"\">\n                        <a href=\"https:\/\/career.aurelius-group.com\/de\/people-story\/reef-khairallah\/\">\n                            <div class=\"news__img\">\n                                                             <div class=\"news__img_bg\"\n                                    style=\"background-image: url(https:\/\/career.aurelius-group.com\/wp-content\/uploads\/2023\/11\/shutterstock_1834093705-scaled-23.jpg);\">\n                                <\/div>\n                                    \n                                                               \n                                <div class=\"news__img_bg-logo\">\n                                    <img decoding=\"async\" src=\"https:\/\/career.aurelius-group.com\/wp-content\/uploads\/2023\/11\/Reef-Khairallah-Large-e1705961463379.jpeg\" alt=\"\">\n                                <\/div>\n                            <\/div><!-- \/.news__img -->\n\n                            <div class=\"news__desc\">\n\n                                <h3 class=\"section--title\">Reef Khairallah<\/h3>\n                                 <p>Mein Job bei AURELIUS erm\u00f6glicht es mir, viel zu reisen, verschiedene Kulturen und Arbeitsumgebungen kennenzulernen und interessante Menschen zu treffen.<\/p>\n   \n                                <span class=\"btn\" href=\"https:\/\/career.aurelius-group.com\/de\/people-story\/reef-khairallah\/\">\n                                   Mehr erfahren \n                                    <svg xmlns=\"http:\/\/www.w3.org\/2000\/svg\" width=\"9\" height=\"15\" viewBox=\"0 0 9 15\"\n                                        fill=\"none\">\n                                        <path fill-rule=\"evenodd\" clip-rule=\"evenodd\"\n                                            d=\"M0.753781 14.569C1.01802 14.8333 1.45851 14.8333 1.72274 14.569L8.30731 7.98447C8.4174 7.87437 8.4835 7.69818 8.50549 7.52199L8.50549 7.45599C8.48349 7.27979 8.4174 7.12566 8.30731 7.01556L1.72274 0.430992C1.45851 0.166757 1.01802 0.166757 0.753783 0.430992C0.467491 0.695227 0.467491 1.13572 0.753782 1.42195L6.83182 7.49999L0.753781 13.578C0.46749 13.8423 0.46749 14.3047 0.753781 14.569L0.753781 14.569Z\"\n                                            fill=\"#23753B\" \/>\n                                    <\/svg>\n\n                                <\/span>\n                            <\/div>\n                        <\/a>\n                    <\/div><!-- \/.news -->\n                <\/div>\n                                                        <div class=\"swiper-slide\" data-scroll=\"\">\n                    <div class=\"news grid__items slide-up\" data-scroll=\"\">\n                        <a href=\"https:\/\/career.aurelius-group.com\/de\/people-story\/svenja-wilfert\/\">\n                            <div class=\"news__img\">\n                                                             <div class=\"news__img_bg\"\n                                    style=\"background-image: url(https:\/\/career.aurelius-group.com\/wp-content\/uploads\/2024\/01\/shutterstock_1834093705-scaled-22.jpg);\">\n                                <\/div>\n                                    \n                                                               \n                                <div class=\"news__img_bg-logo\">\n                                    <img decoding=\"async\" src=\"https:\/\/career.aurelius-group.com\/wp-content\/uploads\/2024\/01\/Svenja-Wilfert-min-scaled.jpg\" alt=\"\">\n                                <\/div>\n                            <\/div><!-- \/.news__img -->\n\n                            <div class=\"news__desc\">\n\n                                <h3 class=\"section--title\">Svenja Wilfert<\/h3>\n                                 <p>Das Streben danach, sich gegenseitig f\u00fcr bestm\u00f6gliche Ergebnisse und Erfolg zu unterst\u00fctzen und als ein Team zu arbeiten &#8211; &#8222;ein Team, ein Ziel&#8220;.<\/p>\n   \n                                <span class=\"btn\" href=\"https:\/\/career.aurelius-group.com\/de\/people-story\/svenja-wilfert\/\">\n                                   Mehr erfahren \n                                    <svg xmlns=\"http:\/\/www.w3.org\/2000\/svg\" width=\"9\" height=\"15\" viewBox=\"0 0 9 15\"\n                                        fill=\"none\">\n                                        <path fill-rule=\"evenodd\" clip-rule=\"evenodd\"\n                                            d=\"M0.753781 14.569C1.01802 14.8333 1.45851 14.8333 1.72274 14.569L8.30731 7.98447C8.4174 7.87437 8.4835 7.69818 8.50549 7.52199L8.50549 7.45599C8.48349 7.27979 8.4174 7.12566 8.30731 7.01556L1.72274 0.430992C1.45851 0.166757 1.01802 0.166757 0.753783 0.430992C0.467491 0.695227 0.467491 1.13572 0.753782 1.42195L6.83182 7.49999L0.753781 13.578C0.46749 13.8423 0.46749 14.3047 0.753781 14.569L0.753781 14.569Z\"\n                                            fill=\"#23753B\" \/>\n                                    <\/svg>\n\n                                <\/span>\n                            <\/div>\n                        <\/a>\n                    <\/div><!-- \/.news -->\n                <\/div>\n                                                           \n               \n            <\/div>\n                    <div class=\"swiper-controls\">\n                <div class=\"swiper-controls__navigation\">\n                    <div class=\"swiper-button-previous peopleSlider-prev\">\n                        <svg xmlns=\"http:\/\/www.w3.org\/2000\/svg\" width=\"36\" height=\"12\" viewBox=\"0 0 36 12\" fill=\"none\">\n                            <path\n                                d=\"M31 5.36832L2.50281 5.36832L6.61727 1.39319L5.69277 0.499998L-1.42652e-06 6L5.69277 11.5L6.61727 10.6068L2.50281 6.63167L31 6.63168L31 5.36832Z\"\n                                fill=\"#23753B\" \/>\n                        <\/svg>\n                    <\/div>\n\n                    <div class=\"swiper-button-next peopleSlider-next\">\n                        <svg xmlns=\"http:\/\/www.w3.org\/2000\/svg\" width=\"31\" height=\"11\" viewBox=\"0 0 31 11\" fill=\"none\">\n                            <path\n                                d=\"M0 6.13168H28.4972L24.3827 10.1068L25.3072 11L31 5.5L25.3072 0L24.3827 0.89319L28.4972 4.86832H0V6.13168Z\"\n                                fill=\"#23753B\" \/>\n                        <\/svg>\n                    <\/div>\n                <\/div>\n\n                <div class=\"swiper-controls__progress\">\n                    <div class=\"swiper-pagination peopleSlider-progress\"><\/div>\n                <\/div>\n            <\/div><!-- \/.swiper-controls -->\n                <\/div><!-- \/.statsSlider -->\n    <\/div>\n<\/section>","protected":false},"excerpt":{"rendered":"","protected":false},"author":3,"featured_media":0,"parent":0,"menu_order":73,"comment_status":"closed","ping_status":"closed","template":"","meta":{"_acf_changed":true,"inline_featured_image":false,"footnotes":""},"class_list":["post-8065","page","type-page","status-publish","hentry"],"acf":[],"_links":{"self":[{"href":"https:\/\/career.aurelius-group.com\/de\/wp-json\/wp\/v2\/pages\/8065","targetHints":{"allow":["GET"]}}],"collection":[{"href":"https:\/\/career.aurelius-group.com\/de\/wp-json\/wp\/v2\/pages"}],"about":[{"href":"https:\/\/career.aurelius-group.com\/de\/wp-json\/wp\/v2\/types\/page"}],"author":[{"embeddable":true,"href":"https:\/\/career.aurelius-group.com\/de\/wp-json\/wp\/v2\/users\/3"}],"replies":[{"embeddable":true,"href":"https:\/\/career.aurelius-group.com\/de\/wp-json\/wp\/v2\/comments?post=8065"}],"version-history":[{"count":0,"href":"https:\/\/career.aurelius-group.com\/de\/wp-json\/wp\/v2\/pages\/8065\/revisions"}],"wp:attachment":[{"href":"https:\/\/career.aurelius-group.com\/de\/wp-json\/wp\/v2\/media?parent=8065"}],"curies":[{"name":"wp","href":"https:\/\/api.w.org\/{rel}","templated":true}]}}